{"id":3628,"date":"2024-05-10T06:07:57","date_gmt":"2024-05-10T06:07:57","guid":{"rendered":"https:\/\/horizonmerpenthousealcossebre.com\/?page_id=3628"},"modified":"2024-05-20T07:29:22","modified_gmt":"2024-05-20T07:29:22","slug":"la-cocina","status":"publish","type":"page","link":"https:\/\/horizonmerpenthousealcossebre.com\/?page_id=3628&lang=es","title":{"rendered":"La Cocina"},"content":{"rendered":"\t\t<div data-elementor-type=\"wp-page\" data-elementor-id=\"3628\" class=\"elementor elementor-3628\">\n\t\t\t\t<div class=\"elementor-element elementor-element-a9b9d85 e-flex e-con-boxed e-con e-parent\" data-id=\"a9b9d85\" data-element_type=\"container\" data-settings=\"{&quot;background_background&quot;:&quot;gradient&quot;}\">\n\t\t\t\t\t<div class=\"e-con-inner\">\n\t\t\t\t<div class=\"elementor-element elementor-element-643df05 elementor-widget elementor-widget-heading\" data-id=\"643df05\" data-element_type=\"widget\" data-widget_type=\"heading.default\">\n\t\t\t\t<div class=\"elementor-widget-container\">\n\t\t\t<style>\/*! elementor - v3.21.0 - 08-05-2024 *\/\n.elementor-heading-title{padding:0;margin:0;line-height:1}.elementor-widget-heading .elementor-heading-title[class*=elementor-size-]>a{color:inherit;font-size:inherit;line-height:inherit}.elementor-widget-heading .elementor-heading-title.elementor-size-small{font-size:15px}.elementor-widget-heading .elementor-heading-title.elementor-size-medium{font-size:19px}.elementor-widget-heading .elementor-heading-title.elementor-size-large{font-size:29px}.elementor-widget-heading .elementor-heading-title.elementor-size-xl{font-size:39px}.elementor-widget-heading .elementor-heading-title.elementor-size-xxl{font-size:59px}<\/style><h2 class=\"elementor-heading-title elementor-size-default\"><b>La Cocina<\/b><\/h2>\t\t<\/div>\n\t\t\t\t<\/div>\n\t\t\t\t\t<\/div>\n\t\t\t\t<\/div>\n\t\t\t\t<section class=\"elementor-section elementor-top-section elementor-element elementor-element-4a5c8e98 elementor-section-boxed elementor-section-height-default elementor-section-height-default\" data-id=\"4a5c8e98\" data-element_type=\"section\" data-settings=\"{&quot;background_background&quot;:&quot;classic&quot;}\">\n\t\t\t\t\t\t<div class=\"elementor-container elementor-column-gap-default\">\n\t\t\t\t\t<div class=\"elementor-column elementor-col-100 elementor-top-column elementor-element elementor-element-2df918c8\" data-id=\"2df918c8\" data-element_type=\"column\">\n\t\t\t<div class=\"elementor-widget-wrap elementor-element-populated\">\n\t\t\t\t\t\t<div class=\"elementor-element elementor-element-1644235 elementor-widget elementor-widget-heading\" data-id=\"1644235\" data-element_type=\"widget\" data-widget_type=\"heading.default\">\n\t\t\t\t<div class=\"elementor-widget-container\">\n\t\t\t<h2 class=\"elementor-heading-title elementor-size-default\">\n\"La cocina perfecta: un espacio funcional, moderno y elegante para cocinar con estilo y comodidad.\"<\/h2>\t\t<\/div>\n\t\t\t\t<\/div>\n\t\t\t\t\t<\/div>\n\t\t<\/div>\n\t\t\t\t\t<\/div>\n\t\t<\/section>\n\t\t\t\t<section class=\"elementor-section elementor-top-section elementor-element elementor-element-637d28f7 elementor-section-boxed elementor-section-height-default elementor-section-height-default\" data-id=\"637d28f7\" data-element_type=\"section\" data-settings=\"{&quot;background_background&quot;:&quot;classic&quot;}\">\n\t\t\t\t\t\t<div class=\"elementor-container elementor-column-gap-default\">\n\t\t\t\t\t<div class=\"elementor-column elementor-col-100 elementor-top-column elementor-element elementor-element-1dc0d7e2\" data-id=\"1dc0d7e2\" data-element_type=\"column\">\n\t\t\t<div class=\"elementor-widget-wrap elementor-element-populated\">\n\t\t\t\t\t\t<section class=\"elementor-section elementor-inner-section elementor-element elementor-element-182efd6f elementor-section-full_width elementor-section-height-default elementor-section-height-default\" data-id=\"182efd6f\" data-element_type=\"section\">\n\t\t\t\t\t\t<div class=\"elementor-container elementor-column-gap-default\">\n\t\t\t\t\t<div class=\"elementor-column elementor-col-50 elementor-inner-column elementor-element elementor-element-7493a480 animated-slow elementor-invisible\" data-id=\"7493a480\" data-element_type=\"column\" data-settings=\"{&quot;animation&quot;:&quot;slideInUp&quot;}\">\n\t\t\t<div class=\"elementor-widget-wrap elementor-element-populated\">\n\t\t\t\t\t\t<div class=\"elementor-element elementor-element-46a09379 elementor-widget elementor-widget-image\" data-id=\"46a09379\" data-element_type=\"widget\" data-widget_type=\"image.default\">\n\t\t\t\t<div class=\"elementor-widget-container\">\n\t\t\t<style>\/*! elementor - v3.21.0 - 08-05-2024 *\/\n.elementor-widget-image{text-align:center}.elementor-widget-image a{display:inline-block}.elementor-widget-image a img[src$=\".svg\"]{width:48px}.elementor-widget-image img{vertical-align:middle;display:inline-block}<\/style>\t\t\t\t\t\t\t\t\t\t\t<a href=\"https:\/\/horizonmerpenthousealcossebre.com\/wp-content\/uploads\/2024\/03\/Black-White-Elegant-Simple-Save-the-Date-Instagram-Post.png\">\n\t\t\t\t\t\t\t<img fetchpriority=\"high\" decoding=\"async\" width=\"2560\" height=\"1923\" src=\"https:\/\/horizonmerpenthousealcossebre.com\/wp-content\/uploads\/2024\/03\/Cuisine-scaled.jpg\" class=\"attachment-full size-full wp-image-736\" alt=\"\" srcset=\"https:\/\/horizonmerpenthousealcossebre.com\/wp-content\/uploads\/2024\/03\/Cuisine-scaled.jpg 2560w, https:\/\/horizonmerpenthousealcossebre.com\/wp-content\/uploads\/2024\/03\/Cuisine-300x225.jpg 300w, https:\/\/horizonmerpenthousealcossebre.com\/wp-content\/uploads\/2024\/03\/Cuisine-1024x769.jpg 1024w, https:\/\/horizonmerpenthousealcossebre.com\/wp-content\/uploads\/2024\/03\/Cuisine-768x577.jpg 768w, https:\/\/horizonmerpenthousealcossebre.com\/wp-content\/uploads\/2024\/03\/Cuisine-1536x1154.jpg 1536w, https:\/\/horizonmerpenthousealcossebre.com\/wp-content\/uploads\/2024\/03\/Cuisine-2048x1539.jpg 2048w\" sizes=\"(max-width: 2560px) 100vw, 2560px\" \/>\t\t\t\t\t\t\t\t<\/a>\n\t\t\t\t\t\t\t\t\t\t\t\t\t<\/div>\n\t\t\t\t<\/div>\n\t\t\t\t\t<\/div>\n\t\t<\/div>\n\t\t\t\t<div class=\"elementor-column elementor-col-50 elementor-inner-column elementor-element elementor-element-1d419d52 animated-slow elementor-invisible\" data-id=\"1d419d52\" data-element_type=\"column\" data-settings=\"{&quot;animation&quot;:&quot;slideInDown&quot;}\">\n\t\t\t<div class=\"elementor-widget-wrap elementor-element-populated\">\n\t\t\t\t\t\t<div class=\"elementor-element elementor-element-2319135 elementor-widget elementor-widget-text-editor\" data-id=\"2319135\" data-element_type=\"widget\" data-widget_type=\"text-editor.default\">\n\t\t\t\t<div class=\"elementor-widget-container\">\n\t\t\t<style>\/*! elementor - v3.21.0 - 08-05-2024 *\/\n.elementor-widget-text-editor.elementor-drop-cap-view-stacked .elementor-drop-cap{background-color:#69727d;color:#fff}.elementor-widget-text-editor.elementor-drop-cap-view-framed .elementor-drop-cap{color:#69727d;border:3px solid;background-color:transparent}.elementor-widget-text-editor:not(.elementor-drop-cap-view-default) .elementor-drop-cap{margin-top:8px}.elementor-widget-text-editor:not(.elementor-drop-cap-view-default) .elementor-drop-cap-letter{width:1em;height:1em}.elementor-widget-text-editor .elementor-drop-cap{float:left;text-align:center;line-height:1;font-size:50px}.elementor-widget-text-editor .elementor-drop-cap-letter{display:inline-block}<\/style>\t\t\t\t<p>La cocina est\u00e1 equipada con todas las comodidades modernas para satisfacer las necesidades culinarias m\u00e1s exigentes. Los electrodom\u00e9sticos de alta gama son elementos clave de la cocina, incluyendo el refrigerador, el horno, el microondas y la placa de cocina. Cada elemento est\u00e1 integrado de manera armoniosa en el dise\u00f1o de la cocina para crear una est\u00e9tica elegante y funcional.<\/p><p>Las encimeras de piedra ofrecen una superficie s\u00f3lida para la preparaci\u00f3n de alimentos. Los armarios proporcionan mucho espacio de almacenamiento para utensilios de cocina y provisiones, adem\u00e1s de una m\u00e1quina de caf\u00e9 integrada, un lavavajillas silencioso y una vinoteca para los amantes del vino. En resumen, esta cocina es el lugar perfecto para preparar comidas exquisitas, recibir invitados y disfrutar del confort moderno en un entorno elegante y sofisticado.<\/p>\t\t\t\t\t\t<\/div>\n\t\t\t\t<\/div>\n\t\t\t\t<div class=\"elementor-element elementor-element-6192fb69 elementor-widget elementor-widget-image\" data-id=\"6192fb69\" data-element_type=\"widget\" data-widget_type=\"image.default\">\n\t\t\t\t<div class=\"elementor-widget-container\">\n\t\t\t\t\t\t\t\t\t\t\t\t\t\t<a href=\"https:\/\/horizonmerpenthousealcossebre.com\/wp-content\/uploads\/2024\/03\/P.-AZAHAR-27-scaled.jpg\">\n\t\t\t\t\t\t\t<img decoding=\"async\" width=\"2560\" height=\"1924\" src=\"https:\/\/horizonmerpenthousealcossebre.com\/wp-content\/uploads\/2024\/03\/P.-AZAHAR-27-scaled.jpg\" class=\"attachment-full size-full wp-image-43\" alt=\"\" srcset=\"https:\/\/horizonmerpenthousealcossebre.com\/wp-content\/uploads\/2024\/03\/P.-AZAHAR-27-scaled.jpg 2560w, https:\/\/horizonmerpenthousealcossebre.com\/wp-content\/uploads\/2024\/03\/P.-AZAHAR-27-300x225.jpg 300w, https:\/\/horizonmerpenthousealcossebre.com\/wp-content\/uploads\/2024\/03\/P.-AZAHAR-27-1024x770.jpg 1024w, https:\/\/horizonmerpenthousealcossebre.com\/wp-content\/uploads\/2024\/03\/P.-AZAHAR-27-768x577.jpg 768w, https:\/\/horizonmerpenthousealcossebre.com\/wp-content\/uploads\/2024\/03\/P.-AZAHAR-27-1536x1154.jpg 1536w, https:\/\/horizonmerpenthousealcossebre.com\/wp-content\/uploads\/2024\/03\/P.-AZAHAR-27-2048x1539.jpg 2048w\" sizes=\"(max-width: 2560px) 100vw, 2560px\" \/>\t\t\t\t\t\t\t\t<\/a>\n\t\t\t\t\t\t\t\t\t\t\t\t\t<\/div>\n\t\t\t\t<\/div>\n\t\t\t\t\t<\/div>\n\t\t<\/div>\n\t\t\t\t\t<\/div>\n\t\t<\/section>\n\t\t\t\t\t<\/div>\n\t\t<\/div>\n\t\t\t\t\t<\/div>\n\t\t<\/section>\n\t\t<div class=\"elementor-element elementor-element-78acef5 e-flex e-con-boxed e-con e-parent\" data-id=\"78acef5\" data-element_type=\"container\">\n\t\t\t\t\t<div class=\"e-con-inner\">\n\t\t\t\t<div class=\"elementor-element elementor-element-72e2015 elementor-align-right elementor-widget elementor-widget-button\" data-id=\"72e2015\" data-element_type=\"widget\" data-widget_type=\"button.default\">\n\t\t\t\t<div class=\"elementor-widget-container\">\n\t\t\t\t\t<div class=\"elementor-button-wrapper\">\n\t\t\t<a class=\"elementor-button elementor-button-link elementor-size-sm\" href=\"https:\/\/horizonmerpenthousealcossebre.com\/?page_id=116\">\n\t\t\t\t\t\t<span class=\"elementor-button-content-wrapper\">\n\t\t\t\t\t\t<span class=\"elementor-button-icon elementor-align-icon-left\">\n\t\t\t\t<svg aria-hidden=\"true\" class=\"e-font-icon-svg e-fas-backward\" viewBox=\"0 0 512 512\" xmlns=\"http:\/\/www.w3.org\/2000\/svg\"><path d=\"M11.5 280.6l192 160c20.6 17.2 52.5 2.8 52.5-24.6V96c0-27.4-31.9-41.8-52.5-24.6l-192 160c-15.3 12.8-15.3 36.4 0 49.2zm256 0l192 160c20.6 17.2 52.5 2.8 52.5-24.6V96c0-27.4-31.9-41.8-52.5-24.6l-192 160c-15.3 12.8-15.3 36.4 0 49.2z\"><\/path><\/svg>\t\t\t<\/span>\n\t\t\t\t\t\t\t\t<\/span>\n\t\t\t\t\t<\/a>\n\t\t<\/div>\n\t\t\t\t<\/div>\n\t\t\t\t<\/div>\n\t\t\t\t\t<\/div>\n\t\t\t\t<\/div>\n\t\t\t\t<\/div>\n\t\t","protected":false},"excerpt":{"rendered":"<p>La Cocina &#8220;La cocina perfecta: un espacio funcional, moderno y elegante para cocinar con estilo y comodidad.&#8221; La cocina est\u00e1 equipada con todas las comodidades modernas para satisfacer las necesidades culinarias m\u00e1s exigentes. Los electrodom\u00e9sticos de alta gama son elementos clave de la cocina, incluyendo el refrigerador, el horno, el microondas y la placa de [&hellip;]<\/p>\n","protected":false},"author":1,"featured_media":0,"parent":3626,"menu_order":0,"comment_status":"closed","ping_status":"closed","template":"elementor_header_footer","meta":{"ocean_post_layout":"","ocean_both_sidebars_style":"","ocean_both_sidebars_content_width":0,"ocean_both_sidebars_sidebars_width":0,"ocean_sidebar":"","ocean_second_sidebar":"","ocean_disable_margins":"enable","ocean_add_body_class":"","ocean_shortcode_before_top_bar":"","ocean_shortcode_after_top_bar":"","ocean_shortcode_before_header":"","ocean_shortcode_after_header":"","ocean_has_shortcode":"","ocean_shortcode_after_title":"","ocean_shortcode_before_footer_widgets":"","ocean_shortcode_after_footer_widgets":"","ocean_shortcode_before_footer_bottom":"","ocean_shortcode_after_footer_bottom":"","ocean_display_top_bar":"default","ocean_display_header":"default","ocean_header_style":"","ocean_center_header_left_menu":"","ocean_custom_header_template":"","ocean_custom_logo":0,"ocean_custom_retina_logo":0,"ocean_custom_logo_max_width":0,"ocean_custom_logo_tablet_max_width":0,"ocean_custom_logo_mobile_max_width":0,"ocean_custom_logo_max_height":0,"ocean_custom_logo_tablet_max_height":0,"ocean_custom_logo_mobile_max_height":0,"ocean_header_custom_menu":"","ocean_menu_typo_font_family":"","ocean_menu_typo_font_subset":"","ocean_menu_typo_font_size":0,"ocean_menu_typo_font_size_tablet":0,"ocean_menu_typo_font_size_mobile":0,"ocean_menu_typo_font_size_unit":"px","ocean_menu_typo_font_weight":"","ocean_menu_typo_font_weight_tablet":"","ocean_menu_typo_font_weight_mobile":"","ocean_menu_typo_transform":"","ocean_menu_typo_transform_tablet":"","ocean_menu_typo_transform_mobile":"","ocean_menu_typo_line_height":0,"ocean_menu_typo_line_height_tablet":0,"ocean_menu_typo_line_height_mobile":0,"ocean_menu_typo_line_height_unit":"","ocean_menu_typo_spacing":0,"ocean_menu_typo_spacing_tablet":0,"ocean_menu_typo_spacing_mobile":0,"ocean_menu_typo_spacing_unit":"","ocean_menu_link_color":"","ocean_menu_link_color_hover":"","ocean_menu_link_color_active":"","ocean_menu_link_background":"","ocean_menu_link_hover_background":"","ocean_menu_link_active_background":"","ocean_menu_social_links_bg":"","ocean_menu_social_hover_links_bg":"","ocean_menu_social_links_color":"","ocean_menu_social_hover_links_color":"","ocean_disable_title":"default","ocean_disable_heading":"default","ocean_post_title":"","ocean_post_subheading":"","ocean_post_title_style":"","ocean_post_title_background_color":"","ocean_post_title_background":0,"ocean_post_title_bg_image_position":"","ocean_post_title_bg_image_attachment":"","ocean_post_title_bg_image_repeat":"","ocean_post_title_bg_image_size":"","ocean_post_title_height":0,"ocean_post_title_bg_overlay":0.5,"ocean_post_title_bg_overlay_color":"","ocean_disable_breadcrumbs":"default","ocean_breadcrumbs_color":"","ocean_breadcrumbs_separator_color":"","ocean_breadcrumbs_links_color":"","ocean_breadcrumbs_links_hover_color":"","ocean_display_footer_widgets":"default","ocean_display_footer_bottom":"default","ocean_custom_footer_template":"","footnotes":""},"class_list":["post-3628","page","type-page","status-publish","hentry","entry"],"yoast_head":"<!-- This site is optimized with the Yoast SEO plugin v22.7 - https:\/\/yoast.com\/wordpress\/plugins\/seo\/ -->\n<title>La Cocina - horizonmerpenthousealcossebre.com<\/title>\n<meta name=\"robots\" content=\"index, follow, max-snippet:-1, max-image-preview:large, max-video-preview:-1\" \/>\n<link rel=\"canonical\" href=\"https:\/\/horizonmerpenthousealcossebre.com\/?page_id=3628&lang=es\" \/>\n<meta property=\"og:locale\" content=\"en_US\" \/>\n<meta property=\"og:type\" content=\"article\" \/>\n<meta property=\"og:title\" content=\"La Cocina - horizonmerpenthousealcossebre.com\" \/>\n<meta property=\"og:description\" content=\"La Cocina &#8220;La cocina perfecta: un espacio funcional, moderno y elegante para cocinar con estilo y comodidad.&#8221; La cocina est\u00e1 equipada con todas las comodidades modernas para satisfacer las necesidades culinarias m\u00e1s exigentes. Los electrodom\u00e9sticos de alta gama son elementos clave de la cocina, incluyendo el refrigerador, el horno, el microondas y la placa de [&hellip;]\" \/>\n<meta property=\"og:url\" content=\"https:\/\/horizonmerpenthousealcossebre.com\/?page_id=3628&amp;lang=es\" \/>\n<meta property=\"og:site_name\" content=\"horizonmerpenthousealcossebre.com\" \/>\n<meta property=\"article:modified_time\" content=\"2024-05-20T07:29:22+00:00\" \/>\n<meta property=\"og:image\" content=\"https:\/\/horizonmerpenthousealcossebre.com\/wp-content\/uploads\/2024\/03\/Cuisine-scaled.jpg\" \/>\n<meta name=\"twitter:card\" content=\"summary_large_image\" \/>\n<meta name=\"twitter:label1\" content=\"Est. reading time\" \/>\n\t<meta name=\"twitter:data1\" content=\"2 minutes\" \/>\n<script type=\"application\/ld+json\" class=\"yoast-schema-graph\">{\"@context\":\"https:\/\/schema.org\",\"@graph\":[{\"@type\":\"WebPage\",\"@id\":\"https:\/\/horizonmerpenthousealcossebre.com\/?page_id=3628&lang=es\",\"url\":\"https:\/\/horizonmerpenthousealcossebre.com\/?page_id=3628&lang=es\",\"name\":\"La Cocina - horizonmerpenthousealcossebre.com\",\"isPartOf\":{\"@id\":\"https:\/\/horizonmerpenthousealcossebre.com\/#website\"},\"primaryImageOfPage\":{\"@id\":\"https:\/\/horizonmerpenthousealcossebre.com\/?page_id=3628&lang=es#primaryimage\"},\"image\":{\"@id\":\"https:\/\/horizonmerpenthousealcossebre.com\/?page_id=3628&lang=es#primaryimage\"},\"thumbnailUrl\":\"https:\/\/horizonmerpenthousealcossebre.com\/wp-content\/uploads\/2024\/03\/Cuisine-scaled.jpg\",\"datePublished\":\"2024-05-10T06:07:57+00:00\",\"dateModified\":\"2024-05-20T07:29:22+00:00\",\"breadcrumb\":{\"@id\":\"https:\/\/horizonmerpenthousealcossebre.com\/?page_id=3628&lang=es#breadcrumb\"},\"inLanguage\":\"en-US\",\"potentialAction\":[{\"@type\":\"ReadAction\",\"target\":[\"https:\/\/horizonmerpenthousealcossebre.com\/?page_id=3628&lang=es\"]}]},{\"@type\":\"ImageObject\",\"inLanguage\":\"en-US\",\"@id\":\"https:\/\/horizonmerpenthousealcossebre.com\/?page_id=3628&lang=es#primaryimage\",\"url\":\"https:\/\/horizonmerpenthousealcossebre.com\/wp-content\/uploads\/2024\/03\/Cuisine-scaled.jpg\",\"contentUrl\":\"https:\/\/horizonmerpenthousealcossebre.com\/wp-content\/uploads\/2024\/03\/Cuisine-scaled.jpg\",\"width\":2560,\"height\":1923},{\"@type\":\"BreadcrumbList\",\"@id\":\"https:\/\/horizonmerpenthousealcossebre.com\/?page_id=3628&lang=es#breadcrumb\",\"itemListElement\":[{\"@type\":\"ListItem\",\"position\":1,\"name\":\"Home\",\"item\":\"https:\/\/horizonmerpenthousealcossebre.com\/\"},{\"@type\":\"ListItem\",\"position\":2,\"name\":\"El Atico\",\"item\":\"https:\/\/horizonmerpenthousealcossebre.com\/?page_id=3626&lang=es\"},{\"@type\":\"ListItem\",\"position\":3,\"name\":\"La Cocina\"}]},{\"@type\":\"WebSite\",\"@id\":\"https:\/\/horizonmerpenthousealcossebre.com\/#website\",\"url\":\"https:\/\/horizonmerpenthousealcossebre.com\/\",\"name\":\"horizonmerpenthousealcossebre.com\",\"description\":\"\",\"potentialAction\":[{\"@type\":\"SearchAction\",\"target\":{\"@type\":\"EntryPoint\",\"urlTemplate\":\"https:\/\/horizonmerpenthousealcossebre.com\/?s={search_term_string}\"},\"query-input\":\"required name=search_term_string\"}],\"inLanguage\":\"en-US\"}]}<\/script>\n<!-- \/ Yoast SEO plugin. -->","yoast_head_json":{"title":"La Cocina - horizonmerpenthousealcossebre.com","robots":{"index":"index","follow":"follow","max-snippet":"max-snippet:-1","max-image-preview":"max-image-preview:large","max-video-preview":"max-video-preview:-1"},"canonical":"https:\/\/horizonmerpenthousealcossebre.com\/?page_id=3628&lang=es","og_locale":"en_US","og_type":"article","og_title":"La Cocina - horizonmerpenthousealcossebre.com","og_description":"La Cocina &#8220;La cocina perfecta: un espacio funcional, moderno y elegante para cocinar con estilo y comodidad.&#8221; La cocina est\u00e1 equipada con todas las comodidades modernas para satisfacer las necesidades culinarias m\u00e1s exigentes. Los electrodom\u00e9sticos de alta gama son elementos clave de la cocina, incluyendo el refrigerador, el horno, el microondas y la placa de [&hellip;]","og_url":"https:\/\/horizonmerpenthousealcossebre.com\/?page_id=3628&lang=es","og_site_name":"horizonmerpenthousealcossebre.com","article_modified_time":"2024-05-20T07:29:22+00:00","og_image":[{"url":"https:\/\/horizonmerpenthousealcossebre.com\/wp-content\/uploads\/2024\/03\/Cuisine-scaled.jpg"}],"twitter_card":"summary_large_image","twitter_misc":{"Est. reading time":"2 minutes"},"schema":{"@context":"https:\/\/schema.org","@graph":[{"@type":"WebPage","@id":"https:\/\/horizonmerpenthousealcossebre.com\/?page_id=3628&lang=es","url":"https:\/\/horizonmerpenthousealcossebre.com\/?page_id=3628&lang=es","name":"La Cocina - horizonmerpenthousealcossebre.com","isPartOf":{"@id":"https:\/\/horizonmerpenthousealcossebre.com\/#website"},"primaryImageOfPage":{"@id":"https:\/\/horizonmerpenthousealcossebre.com\/?page_id=3628&lang=es#primaryimage"},"image":{"@id":"https:\/\/horizonmerpenthousealcossebre.com\/?page_id=3628&lang=es#primaryimage"},"thumbnailUrl":"https:\/\/horizonmerpenthousealcossebre.com\/wp-content\/uploads\/2024\/03\/Cuisine-scaled.jpg","datePublished":"2024-05-10T06:07:57+00:00","dateModified":"2024-05-20T07:29:22+00:00","breadcrumb":{"@id":"https:\/\/horizonmerpenthousealcossebre.com\/?page_id=3628&lang=es#breadcrumb"},"inLanguage":"en-US","potentialAction":[{"@type":"ReadAction","target":["https:\/\/horizonmerpenthousealcossebre.com\/?page_id=3628&lang=es"]}]},{"@type":"ImageObject","inLanguage":"en-US","@id":"https:\/\/horizonmerpenthousealcossebre.com\/?page_id=3628&lang=es#primaryimage","url":"https:\/\/horizonmerpenthousealcossebre.com\/wp-content\/uploads\/2024\/03\/Cuisine-scaled.jpg","contentUrl":"https:\/\/horizonmerpenthousealcossebre.com\/wp-content\/uploads\/2024\/03\/Cuisine-scaled.jpg","width":2560,"height":1923},{"@type":"BreadcrumbList","@id":"https:\/\/horizonmerpenthousealcossebre.com\/?page_id=3628&lang=es#breadcrumb","itemListElement":[{"@type":"ListItem","position":1,"name":"Home","item":"https:\/\/horizonmerpenthousealcossebre.com\/"},{"@type":"ListItem","position":2,"name":"El Atico","item":"https:\/\/horizonmerpenthousealcossebre.com\/?page_id=3626&lang=es"},{"@type":"ListItem","position":3,"name":"La Cocina"}]},{"@type":"WebSite","@id":"https:\/\/horizonmerpenthousealcossebre.com\/#website","url":"https:\/\/horizonmerpenthousealcossebre.com\/","name":"horizonmerpenthousealcossebre.com","description":"","potentialAction":[{"@type":"SearchAction","target":{"@type":"EntryPoint","urlTemplate":"https:\/\/horizonmerpenthousealcossebre.com\/?s={search_term_string}"},"query-input":"required name=search_term_string"}],"inLanguage":"en-US"}]}},"_links":{"self":[{"href":"https:\/\/horizonmerpenthousealcossebre.com\/index.php?rest_route=\/wp\/v2\/pages\/3628","targetHints":{"allow":["GET"]}}],"collection":[{"href":"https:\/\/horizonmerpenthousealcossebre.com\/index.php?rest_route=\/wp\/v2\/pages"}],"about":[{"href":"https:\/\/horizonmerpenthousealcossebre.com\/index.php?rest_route=\/wp\/v2\/types\/page"}],"author":[{"embeddable":true,"href":"https:\/\/horizonmerpenthousealcossebre.com\/index.php?rest_route=\/wp\/v2\/users\/1"}],"replies":[{"embeddable":true,"href":"https:\/\/horizonmerpenthousealcossebre.com\/index.php?rest_route=%2Fwp%2Fv2%2Fcomments&post=3628"}],"version-history":[{"count":10,"href":"https:\/\/horizonmerpenthousealcossebre.com\/index.php?rest_route=\/wp\/v2\/pages\/3628\/revisions"}],"predecessor-version":[{"id":4114,"href":"https:\/\/horizonmerpenthousealcossebre.com\/index.php?rest_route=\/wp\/v2\/pages\/3628\/revisions\/4114"}],"up":[{"embeddable":true,"href":"https:\/\/horizonmerpenthousealcossebre.com\/index.php?rest_route=\/wp\/v2\/pages\/3626"}],"wp:attachment":[{"href":"https:\/\/horizonmerpenthousealcossebre.com\/index.php?rest_route=%2Fwp%2Fv2%2Fmedia&parent=3628"}],"curies":[{"name":"wp","href":"https:\/\/api.w.org\/{rel}","templated":true}]}}