{"id":3616,"date":"2024-05-10T06:05:11","date_gmt":"2024-05-10T06:05:11","guid":{"rendered":"https:\/\/horizonmerpenthousealcossebre.com\/?page_id=3616"},"modified":"2024-05-20T08:03:53","modified_gmt":"2024-05-20T08:03:53","slug":"cicloturismo","status":"publish","type":"page","link":"https:\/\/horizonmerpenthousealcossebre.com\/?page_id=3616&lang=es","title":{"rendered":"Cicloturismo"},"content":{"rendered":"\t\t<div data-elementor-type=\"wp-page\" data-elementor-id=\"3616\" class=\"elementor elementor-3616\">\n\t\t\t\t<div class=\"elementor-element elementor-element-2284e0a e-con-full e-flex e-con e-parent\" data-id=\"2284e0a\" data-element_type=\"container\">\n\t\t\t\t<div class=\"elementor-element elementor-element-9b7c01a elementor-widget__width-initial elementor-widget-mobile__width-initial elementor-widget elementor-widget-image\" data-id=\"9b7c01a\" data-element_type=\"widget\" data-widget_type=\"image.default\">\n\t\t\t\t<div class=\"elementor-widget-container\">\n\t\t\t<style>\/*! elementor - v3.21.0 - 08-05-2024 *\/\n.elementor-widget-image{text-align:center}.elementor-widget-image a{display:inline-block}.elementor-widget-image a img[src$=\".svg\"]{width:48px}.elementor-widget-image img{vertical-align:middle;display:inline-block}<\/style>\t\t\t\t\t\t\t\t\t\t<img fetchpriority=\"high\" decoding=\"async\" width=\"1536\" height=\"1024\" src=\"https:\/\/horizonmerpenthousealcossebre.com\/wp-content\/uploads\/2024\/04\/pexels-andrea-piacquadio-3771836-1536x1024.jpg\" class=\"attachment-1536x1536 size-1536x1536 wp-image-1530\" alt=\"\" srcset=\"https:\/\/horizonmerpenthousealcossebre.com\/wp-content\/uploads\/2024\/04\/pexels-andrea-piacquadio-3771836-1536x1024.jpg 1536w, https:\/\/horizonmerpenthousealcossebre.com\/wp-content\/uploads\/2024\/04\/pexels-andrea-piacquadio-3771836-2048x1365.jpg 2048w\" sizes=\"(max-width: 1536px) 100vw, 1536px\" \/>\t\t\t\t\t\t\t\t\t\t\t\t\t<\/div>\n\t\t\t\t<\/div>\n\t\t\t\t<\/div>\n\t\t<div class=\"elementor-element elementor-element-70e71c7 e-flex e-con-boxed e-con e-parent\" data-id=\"70e71c7\" data-element_type=\"container\">\n\t\t\t\t\t<div class=\"e-con-inner\">\n\t\t\t\t<div class=\"elementor-element elementor-element-dfce37b elementor-widget elementor-widget-heading\" data-id=\"dfce37b\" data-element_type=\"widget\" data-widget_type=\"heading.default\">\n\t\t\t\t<div class=\"elementor-widget-container\">\n\t\t\t<style>\/*! elementor - v3.21.0 - 08-05-2024 *\/\n.elementor-heading-title{padding:0;margin:0;line-height:1}.elementor-widget-heading .elementor-heading-title[class*=elementor-size-]>a{color:inherit;font-size:inherit;line-height:inherit}.elementor-widget-heading .elementor-heading-title.elementor-size-small{font-size:15px}.elementor-widget-heading .elementor-heading-title.elementor-size-medium{font-size:19px}.elementor-widget-heading .elementor-heading-title.elementor-size-large{font-size:29px}.elementor-widget-heading .elementor-heading-title.elementor-size-xl{font-size:39px}.elementor-widget-heading .elementor-heading-title.elementor-size-xxl{font-size:59px}<\/style><h2 class=\"elementor-heading-title elementor-size-default\">En marcha libre !<\/h2>\t\t<\/div>\n\t\t\t\t<\/div>\n\t\t\t\t\t<\/div>\n\t\t\t\t<\/div>\n\t\t<div class=\"elementor-element elementor-element-2a8e702 e-flex e-con-boxed e-con e-parent\" data-id=\"2a8e702\" data-element_type=\"container\">\n\t\t\t\t\t<div class=\"e-con-inner\">\n\t\t\t\t<div class=\"elementor-element elementor-element-60fd65a elementor-widget elementor-widget-text-editor\" data-id=\"60fd65a\" data-element_type=\"widget\" data-widget_type=\"text-editor.default\">\n\t\t\t\t<div class=\"elementor-widget-container\">\n\t\t\t<style>\/*! elementor - v3.21.0 - 08-05-2024 *\/\n.elementor-widget-text-editor.elementor-drop-cap-view-stacked .elementor-drop-cap{background-color:#69727d;color:#fff}.elementor-widget-text-editor.elementor-drop-cap-view-framed .elementor-drop-cap{color:#69727d;border:3px solid;background-color:transparent}.elementor-widget-text-editor:not(.elementor-drop-cap-view-default) .elementor-drop-cap{margin-top:8px}.elementor-widget-text-editor:not(.elementor-drop-cap-view-default) .elementor-drop-cap-letter{width:1em;height:1em}.elementor-widget-text-editor .elementor-drop-cap{float:left;text-align:center;line-height:1;font-size:50px}.elementor-widget-text-editor .elementor-drop-cap-letter{display:inline-block}<\/style>\t\t\t\t<p>Los aficionados al cicloturismo pueden alegrarse: el municipio ofrece varias rutas donde practicar este deporte ecol\u00f3gico. Ya sea para un paseo tranquilo o para enfrentarse al desaf\u00edo de los senderos monta\u00f1osos en bicicleta de monta\u00f1a, estos recorridos ofrecen una excelente oportunidad para descubrir la belleza de la Serra d&#8217;Irta y disfrutar de la naturaleza circundante.<\/p>\t\t\t\t\t\t<\/div>\n\t\t\t\t<\/div>\n\t\t\t\t\t<\/div>\n\t\t\t\t<\/div>\n\t\t<div class=\"elementor-element elementor-element-38cb483 e-flex e-con-boxed e-con e-parent\" data-id=\"38cb483\" data-element_type=\"container\">\n\t\t\t\t\t<div class=\"e-con-inner\">\n\t\t\t\t<div class=\"elementor-element elementor-element-fb548ac elementor-widget__width-initial elementor-widget elementor-widget-image\" data-id=\"fb548ac\" data-element_type=\"widget\" data-widget_type=\"image.default\">\n\t\t\t\t<div class=\"elementor-widget-container\">\n\t\t\t\t\t\t\t\t\t\t\t\t\t<img decoding=\"async\" width=\"1024\" height=\"724\" src=\"https:\/\/horizonmerpenthousealcossebre.com\/wp-content\/uploads\/2024\/04\/Mapa-Rutas-CicloTurismo-1024x724.jpg\" class=\"attachment-large size-large wp-image-1528\" alt=\"\" srcset=\"https:\/\/horizonmerpenthousealcossebre.com\/wp-content\/uploads\/2024\/04\/Mapa-Rutas-CicloTurismo-1024x724.jpg 1024w, https:\/\/horizonmerpenthousealcossebre.com\/wp-content\/uploads\/2024\/04\/Mapa-Rutas-CicloTurismo-300x212.jpg 300w, https:\/\/horizonmerpenthousealcossebre.com\/wp-content\/uploads\/2024\/04\/Mapa-Rutas-CicloTurismo-768x543.jpg 768w, https:\/\/horizonmerpenthousealcossebre.com\/wp-content\/uploads\/2024\/04\/Mapa-Rutas-CicloTurismo-1536x1086.jpg 1536w, https:\/\/horizonmerpenthousealcossebre.com\/wp-content\/uploads\/2024\/04\/Mapa-Rutas-CicloTurismo.jpg 1920w\" sizes=\"(max-width: 1024px) 100vw, 1024px\" \/>\t\t\t\t\t\t\t\t\t\t\t\t\t<\/div>\n\t\t\t\t<\/div>\n\t\t\t\t\t<\/div>\n\t\t\t\t<\/div>\n\t\t<div class=\"elementor-element elementor-element-2f8f787 e-flex e-con-boxed e-con e-parent\" data-id=\"2f8f787\" data-element_type=\"container\">\n\t\t\t\t\t<div class=\"e-con-inner\">\n\t\t\t\t\t<\/div>\n\t\t\t\t<\/div>\n\t\t<div class=\"elementor-element elementor-element-a4d62af e-con-full e-flex e-con e-parent\" data-id=\"a4d62af\" data-element_type=\"container\">\n\t\t<div class=\"elementor-element elementor-element-bee0187 e-flex e-con-boxed e-con e-child\" data-id=\"bee0187\" data-element_type=\"container\">\n\t\t\t\t\t<div class=\"e-con-inner\">\n\t\t\t\t<div class=\"elementor-element elementor-element-666bc09 elementor-widget__width-initial elementor-widget elementor-widget-image\" data-id=\"666bc09\" data-element_type=\"widget\" data-widget_type=\"image.default\">\n\t\t\t\t<div class=\"elementor-widget-container\">\n\t\t\t\t\t\t\t\t\t\t\t\t\t<img decoding=\"async\" width=\"1024\" height=\"512\" src=\"https:\/\/horizonmerpenthousealcossebre.com\/wp-content\/uploads\/2024\/04\/Mapa-Rutas-CicloTurismo-RutadelFardatxo-1024x512.jpg\" class=\"attachment-large size-large wp-image-1521\" alt=\"\" srcset=\"https:\/\/horizonmerpenthousealcossebre.com\/wp-content\/uploads\/2024\/04\/Mapa-Rutas-CicloTurismo-RutadelFardatxo-1024x512.jpg 1024w, https:\/\/horizonmerpenthousealcossebre.com\/wp-content\/uploads\/2024\/04\/Mapa-Rutas-CicloTurismo-RutadelFardatxo-300x150.jpg 300w, https:\/\/horizonmerpenthousealcossebre.com\/wp-content\/uploads\/2024\/04\/Mapa-Rutas-CicloTurismo-RutadelFardatxo-768x384.jpg 768w, https:\/\/horizonmerpenthousealcossebre.com\/wp-content\/uploads\/2024\/04\/Mapa-Rutas-CicloTurismo-RutadelFardatxo.jpg 1200w\" sizes=\"(max-width: 1024px) 100vw, 1024px\" \/>\t\t\t\t\t\t\t\t\t\t\t\t\t<\/div>\n\t\t\t\t<\/div>\n\t\t\t\t<div class=\"elementor-element elementor-element-68bfb9d elementor-widget elementor-widget-text-editor\" data-id=\"68bfb9d\" data-element_type=\"widget\" data-widget_type=\"text-editor.default\">\n\t\t\t\t<div class=\"elementor-widget-container\">\n\t\t\t\t\t\t\t<p>RUTA DEL FARDATXO<\/p><p>Desde la costa de Alcossebre, tomando el camino de Ribamar, se adentra en el Parque Natural de la Serra d&#8217;Irta. Siga este camino que bordea la costa. Despu\u00e9s de una curva muy cerrada, llegar\u00e1 a Cala Argilaga. Justo despu\u00e9s, en el cruce, gire a la izquierda en direcci\u00f3n a Font d&#8217;en Canes.<\/p><p>Luego, encontrar\u00e1 otra bifurcaci\u00f3n a la derecha, donde se encuentra la zona recreativa de la Caseta. Despu\u00e9s de pasar este cruce, siga el camino a trav\u00e9s de Pou del Moro y Mas del Senyor. Este camino lo llevar\u00e1 hasta el desarrollo urbano de Font Nova.<\/p>\t\t\t\t\t\t<\/div>\n\t\t\t\t<\/div>\n\t\t\t\t\t<\/div>\n\t\t\t\t<\/div>\n\t\t\t\t<\/div>\n\t\t<div class=\"elementor-element elementor-element-27b0d49 e-flex e-con-boxed e-con e-parent\" data-id=\"27b0d49\" data-element_type=\"container\">\n\t\t\t\t\t<div class=\"e-con-inner\">\n\t\t\t\t<div class=\"elementor-element elementor-element-77e7c4a elementor-widget__width-initial elementor-widget elementor-widget-image\" data-id=\"77e7c4a\" data-element_type=\"widget\" data-widget_type=\"image.default\">\n\t\t\t\t<div class=\"elementor-widget-container\">\n\t\t\t\t\t\t\t\t\t\t\t\t\t<img loading=\"lazy\" decoding=\"async\" width=\"1024\" height=\"512\" src=\"https:\/\/horizonmerpenthousealcossebre.com\/wp-content\/uploads\/2024\/04\/Mapa-Rutas-CicloTurismo-RutaCranc-1024x512.jpg\" class=\"attachment-large size-large wp-image-1515\" alt=\"\" srcset=\"https:\/\/horizonmerpenthousealcossebre.com\/wp-content\/uploads\/2024\/04\/Mapa-Rutas-CicloTurismo-RutaCranc-1024x512.jpg 1024w, https:\/\/horizonmerpenthousealcossebre.com\/wp-content\/uploads\/2024\/04\/Mapa-Rutas-CicloTurismo-RutaCranc-300x150.jpg 300w, https:\/\/horizonmerpenthousealcossebre.com\/wp-content\/uploads\/2024\/04\/Mapa-Rutas-CicloTurismo-RutaCranc-768x384.jpg 768w, https:\/\/horizonmerpenthousealcossebre.com\/wp-content\/uploads\/2024\/04\/Mapa-Rutas-CicloTurismo-RutaCranc.jpg 1200w\" sizes=\"(max-width: 1024px) 100vw, 1024px\" \/>\t\t\t\t\t\t\t\t\t\t\t\t\t<\/div>\n\t\t\t\t<\/div>\n\t\t\t\t<div class=\"elementor-element elementor-element-c9a126a elementor-widget elementor-widget-text-editor\" data-id=\"c9a126a\" data-element_type=\"widget\" data-widget_type=\"text-editor.default\">\n\t\t\t\t<div class=\"elementor-widget-container\">\n\t\t\t\t\t\t\t<p>RUTA DE LA RUE DU CRANC<\/p><p>Antes de llegar al faro de Alcossebre en el desarrollo urbano de Las Fuentes, encontrar\u00e1 el camino de Ribamar. Un letrero marca el comienzo del recorrido en la entrada de este camino. Este sigue la costa hasta Cala Volante, que marca el l\u00edmite geogr\u00e1fico del Parque Natural de la Serra d&#8217;Irta. Luego, debe tomar la carretera que conduce a Pe\u00f1\u00edscola. La principal dificultad de esta ruta radica en la subida hacia Torre Badum, que tiene una pendiente pronunciada una vez que ha pasado el Pla de Pebret.<\/p>\t\t\t\t\t\t<\/div>\n\t\t\t\t<\/div>\n\t\t\t\t<div class=\"elementor-element elementor-element-62f4434 elementor-widget elementor-widget-image\" data-id=\"62f4434\" data-element_type=\"widget\" data-widget_type=\"image.default\">\n\t\t\t\t<div class=\"elementor-widget-container\">\n\t\t\t\t\t\t\t\t\t\t\t\t\t<img loading=\"lazy\" decoding=\"async\" width=\"1024\" height=\"512\" src=\"https:\/\/horizonmerpenthousealcossebre.com\/wp-content\/uploads\/2024\/04\/Mapa-Rutas-CicloTurismo-RutadelXoriguer-1024x512.jpg\" class=\"attachment-large size-large wp-image-1517\" alt=\"\" srcset=\"https:\/\/horizonmerpenthousealcossebre.com\/wp-content\/uploads\/2024\/04\/Mapa-Rutas-CicloTurismo-RutadelXoriguer-1024x512.jpg 1024w, https:\/\/horizonmerpenthousealcossebre.com\/wp-content\/uploads\/2024\/04\/Mapa-Rutas-CicloTurismo-RutadelXoriguer-300x150.jpg 300w, https:\/\/horizonmerpenthousealcossebre.com\/wp-content\/uploads\/2024\/04\/Mapa-Rutas-CicloTurismo-RutadelXoriguer-768x384.jpg 768w, https:\/\/horizonmerpenthousealcossebre.com\/wp-content\/uploads\/2024\/04\/Mapa-Rutas-CicloTurismo-RutadelXoriguer.jpg 1200w\" sizes=\"(max-width: 1024px) 100vw, 1024px\" \/>\t\t\t\t\t\t\t\t\t\t\t\t\t<\/div>\n\t\t\t\t<\/div>\n\t\t\t\t\t<\/div>\n\t\t\t\t<\/div>\n\t\t<div class=\"elementor-element elementor-element-fd1011c e-flex e-con-boxed e-con e-parent\" data-id=\"fd1011c\" data-element_type=\"container\">\n\t\t\t\t\t<div class=\"e-con-inner\">\n\t\t\t\t<div class=\"elementor-element elementor-element-e9d1297 elementor-widget elementor-widget-text-editor\" data-id=\"e9d1297\" data-element_type=\"widget\" data-widget_type=\"text-editor.default\">\n\t\t\t\t<div class=\"elementor-widget-container\">\n\t\t\t\t\t\t\t<p>RUTA XORIGUER<\/p><p>El inicio de la ruta se encuentra en la localidad de Santa Magdalena de Pulpis (por la carretera que bordea la autopista, en direcci\u00f3n SUR durante 2 km hasta llegar a la carretera N-340, donde girar\u00e1 a la izquierda). La ruta lo llevar\u00e1 cerca del puesto de vigilancia de El Ametller y a un embalse.<\/p><p>En el siguiente cruce, gire a la derecha para pasar por Corral de la Viuda y subir hasta el castillo de Xivert. Una vez pasado el castillo, siga el camino que desciende hacia el Camino de l&#8217;Estopet, que est\u00e1 asfaltado. Luego, pase por la ermita del Calvari antes de llegar a la localidad de Alcal\u00e0 de Xivert.<\/p>\t\t\t\t\t\t<\/div>\n\t\t\t\t<\/div>\n\t\t\t\t\t<\/div>\n\t\t\t\t<\/div>\n\t\t<div class=\"elementor-element elementor-element-3b9959a e-flex e-con-boxed e-con e-parent\" data-id=\"3b9959a\" data-element_type=\"container\">\n\t\t\t\t\t<div class=\"e-con-inner\">\n\t\t<div class=\"elementor-element elementor-element-e89705f e-flex e-con-boxed e-con e-child\" data-id=\"e89705f\" data-element_type=\"container\">\n\t\t\t\t\t<div class=\"e-con-inner\">\n\t\t\t\t<div class=\"elementor-element elementor-element-ac9f8cd elementor-align-right elementor-widget elementor-widget-button\" data-id=\"ac9f8cd\" data-element_type=\"widget\" data-widget_type=\"button.default\">\n\t\t\t\t<div class=\"elementor-widget-container\">\n\t\t\t\t\t<div class=\"elementor-button-wrapper\">\n\t\t\t<a class=\"elementor-button elementor-button-link elementor-size-sm\" href=\"https:\/\/horizonmerpenthousealcossebre.com\/\">\n\t\t\t\t\t\t<span class=\"elementor-button-content-wrapper\">\n\t\t\t\t\t\t<span class=\"elementor-button-icon elementor-align-icon-left\">\n\t\t\t\t<svg aria-hidden=\"true\" class=\"e-font-icon-svg e-fas-backward\" viewBox=\"0 0 512 512\" xmlns=\"http:\/\/www.w3.org\/2000\/svg\"><path d=\"M11.5 280.6l192 160c20.6 17.2 52.5 2.8 52.5-24.6V96c0-27.4-31.9-41.8-52.5-24.6l-192 160c-15.3 12.8-15.3 36.4 0 49.2zm256 0l192 160c20.6 17.2 52.5 2.8 52.5-24.6V96c0-27.4-31.9-41.8-52.5-24.6l-192 160c-15.3 12.8-15.3 36.4 0 49.2z\"><\/path><\/svg>\t\t\t<\/span>\n\t\t\t\t\t\t\t\t<\/span>\n\t\t\t\t\t<\/a>\n\t\t<\/div>\n\t\t\t\t<\/div>\n\t\t\t\t<\/div>\n\t\t\t\t\t<\/div>\n\t\t\t\t<\/div>\n\t\t\t\t\t<\/div>\n\t\t\t\t<\/div>\n\t\t\t\t<\/div>\n\t\t","protected":false},"excerpt":{"rendered":"<p>En marcha libre ! Los aficionados al cicloturismo pueden alegrarse: el municipio ofrece varias rutas donde practicar este deporte ecol\u00f3gico. Ya sea para un paseo tranquilo o para enfrentarse al desaf\u00edo de los senderos monta\u00f1osos en bicicleta de monta\u00f1a, estos recorridos ofrecen una excelente oportunidad para descubrir la belleza de la Serra d&#8217;Irta y disfrutar [&hellip;]<\/p>\n","protected":false},"author":1,"featured_media":0,"parent":0,"menu_order":0,"comment_status":"closed","ping_status":"closed","template":"","meta":{"ocean_post_layout":"","ocean_both_sidebars_style":"","ocean_both_sidebars_content_width":0,"ocean_both_sidebars_sidebars_width":0,"ocean_sidebar":"","ocean_second_sidebar":"","ocean_disable_margins":"enable","ocean_add_body_class":"","ocean_shortcode_before_top_bar":"","ocean_shortcode_after_top_bar":"","ocean_shortcode_before_header":"","ocean_shortcode_after_header":"","ocean_has_shortcode":"","ocean_shortcode_after_title":"","ocean_shortcode_before_footer_widgets":"","ocean_shortcode_after_footer_widgets":"","ocean_shortcode_before_footer_bottom":"","ocean_shortcode_after_footer_bottom":"","ocean_display_top_bar":"default","ocean_display_header":"default","ocean_header_style":"","ocean_center_header_left_menu":"","ocean_custom_header_template":"","ocean_custom_logo":0,"ocean_custom_retina_logo":0,"ocean_custom_logo_max_width":0,"ocean_custom_logo_tablet_max_width":0,"ocean_custom_logo_mobile_max_width":0,"ocean_custom_logo_max_height":0,"ocean_custom_logo_tablet_max_height":0,"ocean_custom_logo_mobile_max_height":0,"ocean_header_custom_menu":"","ocean_menu_typo_font_family":"","ocean_menu_typo_font_subset":"","ocean_menu_typo_font_size":0,"ocean_menu_typo_font_size_tablet":0,"ocean_menu_typo_font_size_mobile":0,"ocean_menu_typo_font_size_unit":"px","ocean_menu_typo_font_weight":"","ocean_menu_typo_font_weight_tablet":"","ocean_menu_typo_font_weight_mobile":"","ocean_menu_typo_transform":"","ocean_menu_typo_transform_tablet":"","ocean_menu_typo_transform_mobile":"","ocean_menu_typo_line_height":0,"ocean_menu_typo_line_height_tablet":0,"ocean_menu_typo_line_height_mobile":0,"ocean_menu_typo_line_height_unit":"","ocean_menu_typo_spacing":0,"ocean_menu_typo_spacing_tablet":0,"ocean_menu_typo_spacing_mobile":0,"ocean_menu_typo_spacing_unit":"","ocean_menu_link_color":"","ocean_menu_link_color_hover":"","ocean_menu_link_color_active":"","ocean_menu_link_background":"","ocean_menu_link_hover_background":"","ocean_menu_link_active_background":"","ocean_menu_social_links_bg":"","ocean_menu_social_hover_links_bg":"","ocean_menu_social_links_color":"","ocean_menu_social_hover_links_color":"","ocean_disable_title":"default","ocean_disable_heading":"default","ocean_post_title":"","ocean_post_subheading":"","ocean_post_title_style":"","ocean_post_title_background_color":"","ocean_post_title_background":0,"ocean_post_title_bg_image_position":"","ocean_post_title_bg_image_attachment":"","ocean_post_title_bg_image_repeat":"","ocean_post_title_bg_image_size":"","ocean_post_title_height":0,"ocean_post_title_bg_overlay":0.5,"ocean_post_title_bg_overlay_color":"","ocean_disable_breadcrumbs":"default","ocean_breadcrumbs_color":"","ocean_breadcrumbs_separator_color":"","ocean_breadcrumbs_links_color":"","ocean_breadcrumbs_links_hover_color":"","ocean_display_footer_widgets":"default","ocean_display_footer_bottom":"default","ocean_custom_footer_template":"","footnotes":""},"class_list":["post-3616","page","type-page","status-publish","hentry","entry"],"yoast_head":"<!-- This site is optimized with the Yoast SEO plugin v22.7 - https:\/\/yoast.com\/wordpress\/plugins\/seo\/ -->\n<title>Cicloturismo - horizonmerpenthousealcossebre.com<\/title>\n<meta name=\"robots\" content=\"index, follow, max-snippet:-1, max-image-preview:large, max-video-preview:-1\" \/>\n<link rel=\"canonical\" href=\"https:\/\/horizonmerpenthousealcossebre.com\/?page_id=3616&lang=es\" \/>\n<meta property=\"og:locale\" content=\"en_US\" \/>\n<meta property=\"og:type\" content=\"article\" \/>\n<meta property=\"og:title\" content=\"Cicloturismo - horizonmerpenthousealcossebre.com\" \/>\n<meta property=\"og:description\" content=\"En marcha libre ! Los aficionados al cicloturismo pueden alegrarse: el municipio ofrece varias rutas donde practicar este deporte ecol\u00f3gico. Ya sea para un paseo tranquilo o para enfrentarse al desaf\u00edo de los senderos monta\u00f1osos en bicicleta de monta\u00f1a, estos recorridos ofrecen una excelente oportunidad para descubrir la belleza de la Serra d&#8217;Irta y disfrutar [&hellip;]\" \/>\n<meta property=\"og:url\" content=\"https:\/\/horizonmerpenthousealcossebre.com\/?page_id=3616&amp;lang=es\" \/>\n<meta property=\"og:site_name\" content=\"horizonmerpenthousealcossebre.com\" \/>\n<meta property=\"article:modified_time\" content=\"2024-05-20T08:03:53+00:00\" \/>\n<meta property=\"og:image\" content=\"https:\/\/horizonmerpenthousealcossebre.com\/wp-content\/uploads\/2024\/04\/pexels-andrea-piacquadio-3771836-1536x1024.jpg\" \/>\n<meta name=\"twitter:card\" content=\"summary_large_image\" \/>\n<meta name=\"twitter:label1\" content=\"Est. reading time\" \/>\n\t<meta name=\"twitter:data1\" content=\"3 minutes\" \/>\n<script type=\"application\/ld+json\" class=\"yoast-schema-graph\">{\"@context\":\"https:\/\/schema.org\",\"@graph\":[{\"@type\":\"WebPage\",\"@id\":\"https:\/\/horizonmerpenthousealcossebre.com\/?page_id=3616&lang=es\",\"url\":\"https:\/\/horizonmerpenthousealcossebre.com\/?page_id=3616&lang=es\",\"name\":\"Cicloturismo - horizonmerpenthousealcossebre.com\",\"isPartOf\":{\"@id\":\"https:\/\/horizonmerpenthousealcossebre.com\/#website\"},\"primaryImageOfPage\":{\"@id\":\"https:\/\/horizonmerpenthousealcossebre.com\/?page_id=3616&lang=es#primaryimage\"},\"image\":{\"@id\":\"https:\/\/horizonmerpenthousealcossebre.com\/?page_id=3616&lang=es#primaryimage\"},\"thumbnailUrl\":\"https:\/\/horizonmerpenthousealcossebre.com\/wp-content\/uploads\/2024\/04\/pexels-andrea-piacquadio-3771836-1536x1024.jpg\",\"datePublished\":\"2024-05-10T06:05:11+00:00\",\"dateModified\":\"2024-05-20T08:03:53+00:00\",\"breadcrumb\":{\"@id\":\"https:\/\/horizonmerpenthousealcossebre.com\/?page_id=3616&lang=es#breadcrumb\"},\"inLanguage\":\"en-US\",\"potentialAction\":[{\"@type\":\"ReadAction\",\"target\":[\"https:\/\/horizonmerpenthousealcossebre.com\/?page_id=3616&lang=es\"]}]},{\"@type\":\"ImageObject\",\"inLanguage\":\"en-US\",\"@id\":\"https:\/\/horizonmerpenthousealcossebre.com\/?page_id=3616&lang=es#primaryimage\",\"url\":\"https:\/\/horizonmerpenthousealcossebre.com\/wp-content\/uploads\/2024\/04\/pexels-andrea-piacquadio-3771836-scaled-e1714139370488.jpg\",\"contentUrl\":\"https:\/\/horizonmerpenthousealcossebre.com\/wp-content\/uploads\/2024\/04\/pexels-andrea-piacquadio-3771836-scaled-e1714139370488.jpg\",\"width\":1280,\"height\":718},{\"@type\":\"BreadcrumbList\",\"@id\":\"https:\/\/horizonmerpenthousealcossebre.com\/?page_id=3616&lang=es#breadcrumb\",\"itemListElement\":[{\"@type\":\"ListItem\",\"position\":1,\"name\":\"Home\",\"item\":\"https:\/\/horizonmerpenthousealcossebre.com\/\"},{\"@type\":\"ListItem\",\"position\":2,\"name\":\"Cicloturismo\"}]},{\"@type\":\"WebSite\",\"@id\":\"https:\/\/horizonmerpenthousealcossebre.com\/#website\",\"url\":\"https:\/\/horizonmerpenthousealcossebre.com\/\",\"name\":\"horizonmerpenthousealcossebre.com\",\"description\":\"\",\"potentialAction\":[{\"@type\":\"SearchAction\",\"target\":{\"@type\":\"EntryPoint\",\"urlTemplate\":\"https:\/\/horizonmerpenthousealcossebre.com\/?s={search_term_string}\"},\"query-input\":\"required name=search_term_string\"}],\"inLanguage\":\"en-US\"}]}<\/script>\n<!-- \/ Yoast SEO plugin. -->","yoast_head_json":{"title":"Cicloturismo - horizonmerpenthousealcossebre.com","robots":{"index":"index","follow":"follow","max-snippet":"max-snippet:-1","max-image-preview":"max-image-preview:large","max-video-preview":"max-video-preview:-1"},"canonical":"https:\/\/horizonmerpenthousealcossebre.com\/?page_id=3616&lang=es","og_locale":"en_US","og_type":"article","og_title":"Cicloturismo - horizonmerpenthousealcossebre.com","og_description":"En marcha libre ! Los aficionados al cicloturismo pueden alegrarse: el municipio ofrece varias rutas donde practicar este deporte ecol\u00f3gico. Ya sea para un paseo tranquilo o para enfrentarse al desaf\u00edo de los senderos monta\u00f1osos en bicicleta de monta\u00f1a, estos recorridos ofrecen una excelente oportunidad para descubrir la belleza de la Serra d&#8217;Irta y disfrutar [&hellip;]","og_url":"https:\/\/horizonmerpenthousealcossebre.com\/?page_id=3616&lang=es","og_site_name":"horizonmerpenthousealcossebre.com","article_modified_time":"2024-05-20T08:03:53+00:00","og_image":[{"url":"https:\/\/horizonmerpenthousealcossebre.com\/wp-content\/uploads\/2024\/04\/pexels-andrea-piacquadio-3771836-1536x1024.jpg"}],"twitter_card":"summary_large_image","twitter_misc":{"Est. reading time":"3 minutes"},"schema":{"@context":"https:\/\/schema.org","@graph":[{"@type":"WebPage","@id":"https:\/\/horizonmerpenthousealcossebre.com\/?page_id=3616&lang=es","url":"https:\/\/horizonmerpenthousealcossebre.com\/?page_id=3616&lang=es","name":"Cicloturismo - horizonmerpenthousealcossebre.com","isPartOf":{"@id":"https:\/\/horizonmerpenthousealcossebre.com\/#website"},"primaryImageOfPage":{"@id":"https:\/\/horizonmerpenthousealcossebre.com\/?page_id=3616&lang=es#primaryimage"},"image":{"@id":"https:\/\/horizonmerpenthousealcossebre.com\/?page_id=3616&lang=es#primaryimage"},"thumbnailUrl":"https:\/\/horizonmerpenthousealcossebre.com\/wp-content\/uploads\/2024\/04\/pexels-andrea-piacquadio-3771836-1536x1024.jpg","datePublished":"2024-05-10T06:05:11+00:00","dateModified":"2024-05-20T08:03:53+00:00","breadcrumb":{"@id":"https:\/\/horizonmerpenthousealcossebre.com\/?page_id=3616&lang=es#breadcrumb"},"inLanguage":"en-US","potentialAction":[{"@type":"ReadAction","target":["https:\/\/horizonmerpenthousealcossebre.com\/?page_id=3616&lang=es"]}]},{"@type":"ImageObject","inLanguage":"en-US","@id":"https:\/\/horizonmerpenthousealcossebre.com\/?page_id=3616&lang=es#primaryimage","url":"https:\/\/horizonmerpenthousealcossebre.com\/wp-content\/uploads\/2024\/04\/pexels-andrea-piacquadio-3771836-scaled-e1714139370488.jpg","contentUrl":"https:\/\/horizonmerpenthousealcossebre.com\/wp-content\/uploads\/2024\/04\/pexels-andrea-piacquadio-3771836-scaled-e1714139370488.jpg","width":1280,"height":718},{"@type":"BreadcrumbList","@id":"https:\/\/horizonmerpenthousealcossebre.com\/?page_id=3616&lang=es#breadcrumb","itemListElement":[{"@type":"ListItem","position":1,"name":"Home","item":"https:\/\/horizonmerpenthousealcossebre.com\/"},{"@type":"ListItem","position":2,"name":"Cicloturismo"}]},{"@type":"WebSite","@id":"https:\/\/horizonmerpenthousealcossebre.com\/#website","url":"https:\/\/horizonmerpenthousealcossebre.com\/","name":"horizonmerpenthousealcossebre.com","description":"","potentialAction":[{"@type":"SearchAction","target":{"@type":"EntryPoint","urlTemplate":"https:\/\/horizonmerpenthousealcossebre.com\/?s={search_term_string}"},"query-input":"required name=search_term_string"}],"inLanguage":"en-US"}]}},"_links":{"self":[{"href":"https:\/\/horizonmerpenthousealcossebre.com\/index.php?rest_route=\/wp\/v2\/pages\/3616","targetHints":{"allow":["GET"]}}],"collection":[{"href":"https:\/\/horizonmerpenthousealcossebre.com\/index.php?rest_route=\/wp\/v2\/pages"}],"about":[{"href":"https:\/\/horizonmerpenthousealcossebre.com\/index.php?rest_route=\/wp\/v2\/types\/page"}],"author":[{"embeddable":true,"href":"https:\/\/horizonmerpenthousealcossebre.com\/index.php?rest_route=\/wp\/v2\/users\/1"}],"replies":[{"embeddable":true,"href":"https:\/\/horizonmerpenthousealcossebre.com\/index.php?rest_route=%2Fwp%2Fv2%2Fcomments&post=3616"}],"version-history":[{"count":10,"href":"https:\/\/horizonmerpenthousealcossebre.com\/index.php?rest_route=\/wp\/v2\/pages\/3616\/revisions"}],"predecessor-version":[{"id":4192,"href":"https:\/\/horizonmerpenthousealcossebre.com\/index.php?rest_route=\/wp\/v2\/pages\/3616\/revisions\/4192"}],"wp:attachment":[{"href":"https:\/\/horizonmerpenthousealcossebre.com\/index.php?rest_route=%2Fwp%2Fv2%2Fmedia&parent=3616"}],"curies":[{"name":"wp","href":"https:\/\/api.w.org\/{rel}","templated":true}]}}