{"id":166,"date":"2024-03-19T08:03:45","date_gmt":"2024-03-19T08:03:45","guid":{"rendered":"https:\/\/horizonmerpenthousealcossebre.com\/?page_id=166"},"modified":"2024-12-17T14:49:05","modified_gmt":"2024-12-17T14:49:05","slug":"conditions-de-reservation","status":"publish","type":"page","link":"https:\/\/horizonmerpenthousealcossebre.com\/?page_id=166","title":{"rendered":"Conditions de r\u00e9servation"},"content":{"rendered":"\t\t<div data-elementor-type=\"wp-page\" data-elementor-id=\"166\" class=\"elementor elementor-166\">\n\t\t\t\t<div class=\"elementor-element elementor-element-130daa5 e-flex e-con-boxed e-con e-parent\" data-id=\"130daa5\" data-element_type=\"container\">\n\t\t\t\t\t<div class=\"e-con-inner\">\n\t\t<div class=\"elementor-element elementor-element-9890d61 e-flex e-con-boxed e-con e-child\" data-id=\"9890d61\" data-element_type=\"container\" data-settings=\"{&quot;background_background&quot;:&quot;gradient&quot;}\">\n\t\t\t\t\t<div class=\"e-con-inner\">\n\t\t\t\t<div class=\"elementor-element elementor-element-c8b940d elementor-widget elementor-widget-text-editor\" data-id=\"c8b940d\" data-element_type=\"widget\" data-widget_type=\"text-editor.default\">\n\t\t\t\t<div class=\"elementor-widget-container\">\n\t\t\t<style>\/*! elementor - v3.21.0 - 08-05-2024 *\/\n.elementor-widget-text-editor.elementor-drop-cap-view-stacked .elementor-drop-cap{background-color:#69727d;color:#fff}.elementor-widget-text-editor.elementor-drop-cap-view-framed .elementor-drop-cap{color:#69727d;border:3px solid;background-color:transparent}.elementor-widget-text-editor:not(.elementor-drop-cap-view-default) .elementor-drop-cap{margin-top:8px}.elementor-widget-text-editor:not(.elementor-drop-cap-view-default) .elementor-drop-cap-letter{width:1em;height:1em}.elementor-widget-text-editor .elementor-drop-cap{float:left;text-align:center;line-height:1;font-size:50px}.elementor-widget-text-editor .elementor-drop-cap-letter{display:inline-block}<\/style>\t\t\t\t<p><span style=\"vertical-align: inherit;\"><span style=\"vertical-align: inherit;\"><span style=\"vertical-align: inherit;\"><span style=\"vertical-align: inherit;\"><span style=\"vertical-align: inherit;\"><span style=\"vertical-align: inherit;\"><span style=\"vertical-align: inherit;\"><span style=\"vertical-align: inherit;\">Conditions de r\u00e9servation 2024<\/span><\/span><\/span><\/span><\/span><\/span><\/span><\/span><\/p>\t\t\t\t\t\t<\/div>\n\t\t\t\t<\/div>\n\t\t\t\t\t<\/div>\n\t\t\t\t<\/div>\n\t\t\t\t\t<\/div>\n\t\t\t\t<\/div>\n\t\t<div class=\"elementor-element elementor-element-e5df057 e-flex e-con-boxed e-con e-parent\" data-id=\"e5df057\" data-element_type=\"container\">\n\t\t\t\t\t<div class=\"e-con-inner\">\n\t\t\t\t<div class=\"elementor-element elementor-element-c3d8b71 elementor-widget elementor-widget-text-editor\" data-id=\"c3d8b71\" data-element_type=\"widget\" data-widget_type=\"text-editor.default\">\n\t\t\t\t<div class=\"elementor-widget-container\">\n\t\t\t\t\t\t\t<p><b>R\u00c9SERVATION<\/b><\/p>\n<p style=\"font-weight: 400;\">La r\u00e9servation ne sera consid\u00e9r\u00e9e comme d\u00e9finitive qu&#8217;apr\u00e8s acceptation et r\u00e9ception du contrat de r\u00e9servation d\u00fbment compl\u00e9t\u00e9, accompagn\u00e9 d&#8217;un versement initial correspondant \u00e0 30% du montant total du s\u00e9jour, en tant qu&#8217;acompte.<\/p>\n<p style=\"font-weight: 400;\">Le solde devra \u00eatre r\u00e9gl\u00e9 au plus tard 48 HEURES avant votre date d&#8217;arriv\u00e9e en cas de paiement par virement bancaire, ou le jour de la remise des cl\u00e9s en cas de paiement en esp\u00e8ces. Tout d\u00e9faut de paiement dans les d\u00e9lais entra\u00eenera l&#8217;annulation pure et simple de la r\u00e9servation, avec l&#8217;application des frais d&#8217;annulation sp\u00e9cifi\u00e9s dans la section &#8220;ANNULATION&#8221;.<\/p>\n<p><b>CONDITIONS DE S\u00c9JOUR<\/b><\/p>\n<p style=\"font-weight: 400;\">Apr\u00e8s avoir envoy\u00e9 votre demande de r\u00e9servation, un e-mail contenant un contrat ainsi que notre RIB o\u00f9 il vous sera demand\u00e9 d\u2019 effectuer le paiement de l&#8217;acompte et \u00e9ventuellement du solde du s\u00e9jour. Une caution en esp\u00e8ces de 1000 \u20ac doit \u00eatre remise \u00e0 notre gouvernante, qui vous fournira un re\u00e7u. Celle-ci vous sera retourn\u00e9e si aucun d\u00e9g\u00e2t n\u2019a \u00e9t\u00e9 constat\u00e9 dans l\u2019appartement. Effectivement, tout objet ou mat\u00e9riel cass\u00e9 sera factur\u00e9 pour \u00eatre remplac\u00e9 par l\u2019h\u00f4te. Le nombre maximal d&#8217;occupants est de 8 personnes, les b\u00e9b\u00e9s de moins de 3 ans n&#8217;\u00e9tant pas inclus dans cette limite.<\/p>\n<p style=\"font-weight: 400;\">Une fois le solde de la r\u00e9servation r\u00e9gl\u00e9, vous recevrez une confirmation de r\u00e9servation par mail ou courrier, \u00e0 pr\u00e9senter \u00e0 notre gouvernante \u00e0 votre arriv\u00e9e. Les arriv\u00e9es se font g\u00e9n\u00e9ralement \u00e0 partir de 16 h 00 pour les locations, et les d\u00e9parts doivent se faire avant 12 h 00.<\/p>\n<p style=\"font-weight: 400;\">Un rendez-vous doit \u00eatre pris avec notre gouvernante pour le check-in et le check-out afin de proc\u00e9der \u00e0 l\u2019\u00e9tat des lieux d\u2019entr\u00e9e et de sortie.<\/p>\n<p style=\"font-weight: 400;\">Il incombe au client de respecter le r\u00e8glement. Tout non-respect du r\u00e8glement pouvant entra\u00eener une expulsion ne donnera droit \u00e0 aucun d\u00e9dommagement ni remboursement. Les objets ou effets personnels du client sont plac\u00e9s sous sa responsabilit\u00e9. Il est recommand\u00e9 de souscrire une assurance contre les risques li\u00e9s \u00e0 l&#8217;occupation du logement en cas de vol, perte ou dommage survenant pendant le s\u00e9jour.<\/p>\n<p><b>D\u00c9LAI DE R\u00c9TRACTATION<\/b><\/p>\n<p style=\"font-weight: 400;\">Conform\u00e9ment \u00e0 l&#8217;article L.121-20-4 du Code de la Consommation, les services d&#8217;h\u00e9bergement ne sont pas soumis au droit de r\u00e9tractation pr\u00e9vu par les articles L.121.20 et suivants du Code de la Consommation. Ainsi, les prestations de services d&#8217;h\u00e9bergement sont exclusivement r\u00e9gies par les conditions d&#8217;annulation mentionn\u00e9es ci-dessous.<\/p>\n<p><b>ANNULATION \/ MODIFICATION \/ INTERRUPTION \/ RETARD<\/b><\/p>\n<p style=\"font-weight: 400;\">Aucune r\u00e9duction ne sera accord\u00e9e en cas d&#8217;arriv\u00e9e retard\u00e9e, de d\u00e9part anticip\u00e9 ou de modification du nombre de personnes pour tout ou partie du s\u00e9jour pr\u00e9vu. En cas de retard, il est imp\u00e9ratif de nous pr\u00e9venir par e-mail, courrier ou t\u00e9l\u00e9phone dans les 24 heures pr\u00e9c\u00e9dant votre arriv\u00e9e. En cas d&#8217;interruption du s\u00e9jour, aucun remboursement n&#8217;est possible, la totalit\u00e9 du prix du s\u00e9jour restant acquise \u00e0 l\u2019h\u00f4te. En cas de modification jusqu&#8217;\u00e0 14 jours avant l&#8217;arriv\u00e9e, le s\u00e9jour peut \u00eatre modifi\u00e9 gratuitement sous r\u00e9serve de disponibilit\u00e9 au cours de la m\u00eame ann\u00e9e (2024). Toute diff\u00e9rence tarifaire sera \u00e0 la charge du client. En cas d&#8217;annulation, le client doit nous en informer imm\u00e9diatement par \u00e9crit. Les frais d&#8217;annulation sont d\u00e9taill\u00e9s comme suit :<\/p>\n<p style=\"font-weight: 400;\">Jusqu&#8217;\u00e0 J-3 avant la date d&#8217;arriv\u00e9e : La totalit\u00e9 de l&#8217;acompte (soit 30% du s\u00e9jour) sera retenue.<\/p>\n<p style=\"font-weight: 400;\">J-2 avant la date de d\u00e9but de s\u00e9jour : 100% du montant total du s\u00e9jour sera retenu.<\/p>\t\t\t\t\t\t<\/div>\n\t\t\t\t<\/div>\n\t\t\t\t\t<\/div>\n\t\t\t\t<\/div>\n\t\t<div class=\"elementor-element elementor-element-0bd6ce2 e-flex e-con-boxed e-con e-parent\" data-id=\"0bd6ce2\" data-element_type=\"container\">\n\t\t\t\t\t<div class=\"e-con-inner\">\n\t\t\t\t<div class=\"elementor-element elementor-element-eededda elementor-widget elementor-widget-text-editor\" data-id=\"eededda\" data-element_type=\"widget\" data-widget_type=\"text-editor.default\">\n\t\t\t\t<div class=\"elementor-widget-container\">\n\t\t\t\t\t\t\t<p><b>Les chiens sont strictement interdits.<\/b><\/p>\t\t\t\t\t\t<\/div>\n\t\t\t\t<\/div>\n\t\t\t\t\t<\/div>\n\t\t\t\t<\/div>\n\t\t\t\t<\/div>\n\t\t","protected":false},"excerpt":{"rendered":"<p>Conditions de r\u00e9servation 2024 R\u00c9SERVATION La r\u00e9servation ne sera consid\u00e9r\u00e9e comme d\u00e9finitive qu&#8217;apr\u00e8s acceptation et r\u00e9ception du contrat de r\u00e9servation d\u00fbment compl\u00e9t\u00e9, accompagn\u00e9 d&#8217;un versement initial correspondant \u00e0 30% du montant total du s\u00e9jour, en tant qu&#8217;acompte. Le solde devra \u00eatre r\u00e9gl\u00e9 au plus tard 48 HEURES avant votre date d&#8217;arriv\u00e9e en cas de paiement [&hellip;]<\/p>\n","protected":false},"author":1,"featured_media":0,"parent":0,"menu_order":0,"comment_status":"closed","ping_status":"closed","template":"elementor_header_footer","meta":{"ocean_post_layout":"","ocean_both_sidebars_style":"","ocean_both_sidebars_content_width":0,"ocean_both_sidebars_sidebars_width":0,"ocean_sidebar":"","ocean_second_sidebar":"","ocean_disable_margins":"enable","ocean_add_body_class":"","ocean_shortcode_before_top_bar":"","ocean_shortcode_after_top_bar":"","ocean_shortcode_before_header":"","ocean_shortcode_after_header":"","ocean_has_shortcode":"","ocean_shortcode_after_title":"","ocean_shortcode_before_footer_widgets":"","ocean_shortcode_after_footer_widgets":"","ocean_shortcode_before_footer_bottom":"","ocean_shortcode_after_footer_bottom":"","ocean_display_top_bar":"default","ocean_display_header":"default","ocean_header_style":"","ocean_center_header_left_menu":"","ocean_custom_header_template":"","ocean_custom_logo":0,"ocean_custom_retina_logo":0,"ocean_custom_logo_max_width":0,"ocean_custom_logo_tablet_max_width":0,"ocean_custom_logo_mobile_max_width":0,"ocean_custom_logo_max_height":0,"ocean_custom_logo_tablet_max_height":0,"ocean_custom_logo_mobile_max_height":0,"ocean_header_custom_menu":"","ocean_menu_typo_font_family":"","ocean_menu_typo_font_subset":"","ocean_menu_typo_font_size":0,"ocean_menu_typo_font_size_tablet":0,"ocean_menu_typo_font_size_mobile":0,"ocean_menu_typo_font_size_unit":"px","ocean_menu_typo_font_weight":"","ocean_menu_typo_font_weight_tablet":"","ocean_menu_typo_font_weight_mobile":"","ocean_menu_typo_transform":"","ocean_menu_typo_transform_tablet":"","ocean_menu_typo_transform_mobile":"","ocean_menu_typo_line_height":0,"ocean_menu_typo_line_height_tablet":0,"ocean_menu_typo_line_height_mobile":0,"ocean_menu_typo_line_height_unit":"","ocean_menu_typo_spacing":0,"ocean_menu_typo_spacing_tablet":0,"ocean_menu_typo_spacing_mobile":0,"ocean_menu_typo_spacing_unit":"","ocean_menu_link_color":"","ocean_menu_link_color_hover":"","ocean_menu_link_color_active":"","ocean_menu_link_background":"","ocean_menu_link_hover_background":"","ocean_menu_link_active_background":"","ocean_menu_social_links_bg":"","ocean_menu_social_hover_links_bg":"","ocean_menu_social_links_color":"","ocean_menu_social_hover_links_color":"","ocean_disable_title":"default","ocean_disable_heading":"default","ocean_post_title":"","ocean_post_subheading":"","ocean_post_title_style":"","ocean_post_title_background_color":"","ocean_post_title_background":0,"ocean_post_title_bg_image_position":"","ocean_post_title_bg_image_attachment":"","ocean_post_title_bg_image_repeat":"","ocean_post_title_bg_image_size":"","ocean_post_title_height":0,"ocean_post_title_bg_overlay":0.5,"ocean_post_title_bg_overlay_color":"","ocean_disable_breadcrumbs":"default","ocean_breadcrumbs_color":"","ocean_breadcrumbs_separator_color":"","ocean_breadcrumbs_links_color":"","ocean_breadcrumbs_links_hover_color":"","ocean_display_footer_widgets":"default","ocean_display_footer_bottom":"default","ocean_custom_footer_template":"","footnotes":""},"class_list":["post-166","page","type-page","status-publish","hentry","entry"],"yoast_head":"<!-- This site is optimized with the Yoast SEO plugin v22.7 - https:\/\/yoast.com\/wordpress\/plugins\/seo\/ -->\n<title>Conditions de r\u00e9servation - horizonmerpenthousealcossebre.com<\/title>\n<meta name=\"robots\" content=\"index, follow, max-snippet:-1, max-image-preview:large, max-video-preview:-1\" \/>\n<link rel=\"canonical\" href=\"https:\/\/horizonmerpenthousealcossebre.com\/?page_id=166\" \/>\n<meta property=\"og:locale\" content=\"en_US\" \/>\n<meta property=\"og:type\" content=\"article\" \/>\n<meta property=\"og:title\" content=\"Conditions de r\u00e9servation - horizonmerpenthousealcossebre.com\" \/>\n<meta property=\"og:description\" content=\"Conditions de r\u00e9servation 2024 R\u00c9SERVATION La r\u00e9servation ne sera consid\u00e9r\u00e9e comme d\u00e9finitive qu&#8217;apr\u00e8s acceptation et r\u00e9ception du contrat de r\u00e9servation d\u00fbment compl\u00e9t\u00e9, accompagn\u00e9 d&#8217;un versement initial correspondant \u00e0 30% du montant total du s\u00e9jour, en tant qu&#8217;acompte. Le solde devra \u00eatre r\u00e9gl\u00e9 au plus tard 48 HEURES avant votre date d&#8217;arriv\u00e9e en cas de paiement [&hellip;]\" \/>\n<meta property=\"og:url\" content=\"https:\/\/horizonmerpenthousealcossebre.com\/?page_id=166\" \/>\n<meta property=\"og:site_name\" content=\"horizonmerpenthousealcossebre.com\" \/>\n<meta property=\"article:modified_time\" content=\"2024-12-17T14:49:05+00:00\" \/>\n<meta name=\"twitter:card\" content=\"summary_large_image\" \/>\n<meta name=\"twitter:label1\" content=\"Est. reading time\" \/>\n\t<meta name=\"twitter:data1\" content=\"3 minutes\" \/>\n<script type=\"application\/ld+json\" class=\"yoast-schema-graph\">{\"@context\":\"https:\/\/schema.org\",\"@graph\":[{\"@type\":\"WebPage\",\"@id\":\"https:\/\/horizonmerpenthousealcossebre.com\/?page_id=166\",\"url\":\"https:\/\/horizonmerpenthousealcossebre.com\/?page_id=166\",\"name\":\"Conditions de r\u00e9servation - horizonmerpenthousealcossebre.com\",\"isPartOf\":{\"@id\":\"https:\/\/horizonmerpenthousealcossebre.com\/#website\"},\"datePublished\":\"2024-03-19T08:03:45+00:00\",\"dateModified\":\"2024-12-17T14:49:05+00:00\",\"breadcrumb\":{\"@id\":\"https:\/\/horizonmerpenthousealcossebre.com\/?page_id=166#breadcrumb\"},\"inLanguage\":\"en-US\",\"potentialAction\":[{\"@type\":\"ReadAction\",\"target\":[\"https:\/\/horizonmerpenthousealcossebre.com\/?page_id=166\"]}]},{\"@type\":\"BreadcrumbList\",\"@id\":\"https:\/\/horizonmerpenthousealcossebre.com\/?page_id=166#breadcrumb\",\"itemListElement\":[{\"@type\":\"ListItem\",\"position\":1,\"name\":\"Home\",\"item\":\"https:\/\/horizonmerpenthousealcossebre.com\/\"},{\"@type\":\"ListItem\",\"position\":2,\"name\":\"Conditions de r\u00e9servation\"}]},{\"@type\":\"WebSite\",\"@id\":\"https:\/\/horizonmerpenthousealcossebre.com\/#website\",\"url\":\"https:\/\/horizonmerpenthousealcossebre.com\/\",\"name\":\"horizonmerpenthousealcossebre.com\",\"description\":\"\",\"potentialAction\":[{\"@type\":\"SearchAction\",\"target\":{\"@type\":\"EntryPoint\",\"urlTemplate\":\"https:\/\/horizonmerpenthousealcossebre.com\/?s={search_term_string}\"},\"query-input\":\"required name=search_term_string\"}],\"inLanguage\":\"en-US\"}]}<\/script>\n<!-- \/ Yoast SEO plugin. -->","yoast_head_json":{"title":"Conditions de r\u00e9servation - horizonmerpenthousealcossebre.com","robots":{"index":"index","follow":"follow","max-snippet":"max-snippet:-1","max-image-preview":"max-image-preview:large","max-video-preview":"max-video-preview:-1"},"canonical":"https:\/\/horizonmerpenthousealcossebre.com\/?page_id=166","og_locale":"en_US","og_type":"article","og_title":"Conditions de r\u00e9servation - horizonmerpenthousealcossebre.com","og_description":"Conditions de r\u00e9servation 2024 R\u00c9SERVATION La r\u00e9servation ne sera consid\u00e9r\u00e9e comme d\u00e9finitive qu&#8217;apr\u00e8s acceptation et r\u00e9ception du contrat de r\u00e9servation d\u00fbment compl\u00e9t\u00e9, accompagn\u00e9 d&#8217;un versement initial correspondant \u00e0 30% du montant total du s\u00e9jour, en tant qu&#8217;acompte. Le solde devra \u00eatre r\u00e9gl\u00e9 au plus tard 48 HEURES avant votre date d&#8217;arriv\u00e9e en cas de paiement [&hellip;]","og_url":"https:\/\/horizonmerpenthousealcossebre.com\/?page_id=166","og_site_name":"horizonmerpenthousealcossebre.com","article_modified_time":"2024-12-17T14:49:05+00:00","twitter_card":"summary_large_image","twitter_misc":{"Est. reading time":"3 minutes"},"schema":{"@context":"https:\/\/schema.org","@graph":[{"@type":"WebPage","@id":"https:\/\/horizonmerpenthousealcossebre.com\/?page_id=166","url":"https:\/\/horizonmerpenthousealcossebre.com\/?page_id=166","name":"Conditions de r\u00e9servation - horizonmerpenthousealcossebre.com","isPartOf":{"@id":"https:\/\/horizonmerpenthousealcossebre.com\/#website"},"datePublished":"2024-03-19T08:03:45+00:00","dateModified":"2024-12-17T14:49:05+00:00","breadcrumb":{"@id":"https:\/\/horizonmerpenthousealcossebre.com\/?page_id=166#breadcrumb"},"inLanguage":"en-US","potentialAction":[{"@type":"ReadAction","target":["https:\/\/horizonmerpenthousealcossebre.com\/?page_id=166"]}]},{"@type":"BreadcrumbList","@id":"https:\/\/horizonmerpenthousealcossebre.com\/?page_id=166#breadcrumb","itemListElement":[{"@type":"ListItem","position":1,"name":"Home","item":"https:\/\/horizonmerpenthousealcossebre.com\/"},{"@type":"ListItem","position":2,"name":"Conditions de r\u00e9servation"}]},{"@type":"WebSite","@id":"https:\/\/horizonmerpenthousealcossebre.com\/#website","url":"https:\/\/horizonmerpenthousealcossebre.com\/","name":"horizonmerpenthousealcossebre.com","description":"","potentialAction":[{"@type":"SearchAction","target":{"@type":"EntryPoint","urlTemplate":"https:\/\/horizonmerpenthousealcossebre.com\/?s={search_term_string}"},"query-input":"required name=search_term_string"}],"inLanguage":"en-US"}]}},"_links":{"self":[{"href":"https:\/\/horizonmerpenthousealcossebre.com\/index.php?rest_route=\/wp\/v2\/pages\/166","targetHints":{"allow":["GET"]}}],"collection":[{"href":"https:\/\/horizonmerpenthousealcossebre.com\/index.php?rest_route=\/wp\/v2\/pages"}],"about":[{"href":"https:\/\/horizonmerpenthousealcossebre.com\/index.php?rest_route=\/wp\/v2\/types\/page"}],"author":[{"embeddable":true,"href":"https:\/\/horizonmerpenthousealcossebre.com\/index.php?rest_route=\/wp\/v2\/users\/1"}],"replies":[{"embeddable":true,"href":"https:\/\/horizonmerpenthousealcossebre.com\/index.php?rest_route=%2Fwp%2Fv2%2Fcomments&post=166"}],"version-history":[{"count":37,"href":"https:\/\/horizonmerpenthousealcossebre.com\/index.php?rest_route=\/wp\/v2\/pages\/166\/revisions"}],"predecessor-version":[{"id":5357,"href":"https:\/\/horizonmerpenthousealcossebre.com\/index.php?rest_route=\/wp\/v2\/pages\/166\/revisions\/5357"}],"wp:attachment":[{"href":"https:\/\/horizonmerpenthousealcossebre.com\/index.php?rest_route=%2Fwp%2Fv2%2Fmedia&parent=166"}],"curies":[{"name":"wp","href":"https:\/\/api.w.org\/{rel}","templated":true}]}}