{"id":147,"date":"2024-03-18T15:00:04","date_gmt":"2024-03-18T15:00:04","guid":{"rendered":"https:\/\/horizonmerpenthousealcossebre.com\/?page_id=147"},"modified":"2024-12-17T14:53:24","modified_gmt":"2024-12-17T14:53:24","slug":"les-chambres","status":"publish","type":"page","link":"https:\/\/horizonmerpenthousealcossebre.com\/?page_id=147","title":{"rendered":"Les Chambres"},"content":{"rendered":"\t\t<div data-elementor-type=\"wp-page\" data-elementor-id=\"147\" class=\"elementor elementor-147\">\n\t\t\t\t<div class=\"elementor-element elementor-element-95bc3d1 e-flex e-con-boxed e-con e-parent\" data-id=\"95bc3d1\" data-element_type=\"container\" data-settings=\"{&quot;background_background&quot;:&quot;gradient&quot;}\">\n\t\t\t\t\t<div class=\"e-con-inner\">\n\t\t<div class=\"elementor-element elementor-element-69b1bdf e-flex e-con-boxed e-con e-child\" data-id=\"69b1bdf\" data-element_type=\"container\" data-settings=\"{&quot;background_background&quot;:&quot;gradient&quot;}\">\n\t\t\t\t\t<div class=\"e-con-inner\">\n\t\t\t\t<div class=\"elementor-element elementor-element-697dd3c elementor-widget elementor-widget-heading\" data-id=\"697dd3c\" data-element_type=\"widget\" data-widget_type=\"heading.default\">\n\t\t\t\t<div class=\"elementor-widget-container\">\n\t\t\t<style>\/*! elementor - v3.21.0 - 08-05-2024 *\/\n.elementor-heading-title{padding:0;margin:0;line-height:1}.elementor-widget-heading .elementor-heading-title[class*=elementor-size-]>a{color:inherit;font-size:inherit;line-height:inherit}.elementor-widget-heading .elementor-heading-title.elementor-size-small{font-size:15px}.elementor-widget-heading .elementor-heading-title.elementor-size-medium{font-size:19px}.elementor-widget-heading .elementor-heading-title.elementor-size-large{font-size:29px}.elementor-widget-heading .elementor-heading-title.elementor-size-xl{font-size:39px}.elementor-widget-heading .elementor-heading-title.elementor-size-xxl{font-size:59px}<\/style><h2 class=\"elementor-heading-title elementor-size-default\"><b>Les Chambres<\/b><\/h2>\t\t<\/div>\n\t\t\t\t<\/div>\n\t\t\t\t\t<\/div>\n\t\t\t\t<\/div>\n\t\t\t\t\t<\/div>\n\t\t\t\t<\/div>\n\t\t<div class=\"elementor-element elementor-element-5860943 e-flex e-con-boxed e-con e-parent\" data-id=\"5860943\" data-element_type=\"container\" data-settings=\"{&quot;background_background&quot;:&quot;classic&quot;}\">\n\t\t\t\t\t<div class=\"e-con-inner\">\n\t\t\t\t<div class=\"elementor-element elementor-element-50bd7b8 elementor-widget elementor-widget-heading\" data-id=\"50bd7b8\" data-element_type=\"widget\" data-widget_type=\"heading.default\">\n\t\t\t\t<div class=\"elementor-widget-container\">\n\t\t\t<h2 class=\"elementor-heading-title elementor-size-default\">Quatre chambres cocoon, dont deux disposent de grands placards, tandis que la suite parentale offre, une grande salle de bain et un espace dressing pour un confort ultime.<\/h2>\t\t<\/div>\n\t\t\t\t<\/div>\n\t\t\t\t\t<\/div>\n\t\t\t\t<\/div>\n\t\t<div class=\"elementor-element elementor-element-aeb028c e-con-full e-flex e-con e-parent\" data-id=\"aeb028c\" data-element_type=\"container\">\n\t\t<div class=\"elementor-element elementor-element-7987239 e-flex e-con-boxed e-con e-child\" data-id=\"7987239\" data-element_type=\"container\">\n\t\t\t\t\t<div class=\"e-con-inner\">\n\t\t<div class=\"elementor-element elementor-element-a1290f9 e-grid e-con-boxed e-con e-child\" data-id=\"a1290f9\" data-element_type=\"container\">\n\t\t\t\t\t<div class=\"e-con-inner\">\n\t\t\t\t<div class=\"elementor-element elementor-element-af8060e elementor-invisible elementor-widget elementor-widget-image\" data-id=\"af8060e\" data-element_type=\"widget\" data-settings=\"{&quot;_animation&quot;:&quot;slideInLeft&quot;}\" data-widget_type=\"image.default\">\n\t\t\t\t<div class=\"elementor-widget-container\">\n\t\t\t<style>\/*! elementor - v3.21.0 - 08-05-2024 *\/\n.elementor-widget-image{text-align:center}.elementor-widget-image a{display:inline-block}.elementor-widget-image a img[src$=\".svg\"]{width:48px}.elementor-widget-image img{vertical-align:middle;display:inline-block}<\/style>\t\t\t\t\t\t\t\t\t\t\t<a href=\"https:\/\/horizonmerpenthousealcossebre.com\/wp-content\/uploads\/2024\/03\/Suite-parentale-scaled.jpg\">\n\t\t\t\t\t\t\t<img fetchpriority=\"high\" decoding=\"async\" width=\"768\" height=\"577\" src=\"https:\/\/horizonmerpenthousealcossebre.com\/wp-content\/uploads\/2024\/03\/Suite-parentale-768x577.jpg\" class=\"attachment-medium_large size-medium_large wp-image-763\" alt=\"\" srcset=\"https:\/\/horizonmerpenthousealcossebre.com\/wp-content\/uploads\/2024\/03\/Suite-parentale-768x577.jpg 768w, https:\/\/horizonmerpenthousealcossebre.com\/wp-content\/uploads\/2024\/03\/Suite-parentale-300x225.jpg 300w, https:\/\/horizonmerpenthousealcossebre.com\/wp-content\/uploads\/2024\/03\/Suite-parentale-1024x770.jpg 1024w, https:\/\/horizonmerpenthousealcossebre.com\/wp-content\/uploads\/2024\/03\/Suite-parentale-1536x1154.jpg 1536w, https:\/\/horizonmerpenthousealcossebre.com\/wp-content\/uploads\/2024\/03\/Suite-parentale-2048x1539.jpg 2048w\" sizes=\"(max-width: 768px) 100vw, 768px\" \/>\t\t\t\t\t\t\t\t<\/a>\n\t\t\t\t\t\t\t\t\t\t\t\t\t<\/div>\n\t\t\t\t<\/div>\n\t\t\t\t<div class=\"elementor-element elementor-element-0b9f840 elementor-invisible elementor-widget elementor-widget-image\" data-id=\"0b9f840\" data-element_type=\"widget\" data-settings=\"{&quot;_animation&quot;:&quot;slideInLeft&quot;}\" data-widget_type=\"image.default\">\n\t\t\t\t<div class=\"elementor-widget-container\">\n\t\t\t\t\t\t\t\t\t\t\t\t\t\t<a href=\"https:\/\/horizonmerpenthousealcossebre.com\/wp-content\/uploads\/2024\/03\/P.-AZAHAR-52-scaled.jpg\">\n\t\t\t\t\t\t\t<img decoding=\"async\" width=\"768\" height=\"1022\" src=\"https:\/\/horizonmerpenthousealcossebre.com\/wp-content\/uploads\/2024\/03\/P.-AZAHAR-52-768x1022.jpg\" class=\"attachment-medium_large size-medium_large wp-image-68\" alt=\"\" srcset=\"https:\/\/horizonmerpenthousealcossebre.com\/wp-content\/uploads\/2024\/03\/P.-AZAHAR-52-768x1022.jpg 768w, https:\/\/horizonmerpenthousealcossebre.com\/wp-content\/uploads\/2024\/03\/P.-AZAHAR-52-225x300.jpg 225w, https:\/\/horizonmerpenthousealcossebre.com\/wp-content\/uploads\/2024\/03\/P.-AZAHAR-52-769x1024.jpg 769w, https:\/\/horizonmerpenthousealcossebre.com\/wp-content\/uploads\/2024\/03\/P.-AZAHAR-52-1154x1536.jpg 1154w, https:\/\/horizonmerpenthousealcossebre.com\/wp-content\/uploads\/2024\/03\/P.-AZAHAR-52-1539x2048.jpg 1539w, https:\/\/horizonmerpenthousealcossebre.com\/wp-content\/uploads\/2024\/03\/P.-AZAHAR-52-scaled.jpg 1924w\" sizes=\"(max-width: 768px) 100vw, 768px\" \/>\t\t\t\t\t\t\t\t<\/a>\n\t\t\t\t\t\t\t\t\t\t\t\t\t<\/div>\n\t\t\t\t<\/div>\n\t\t\t\t<div class=\"elementor-element elementor-element-ff14b0b elementor-invisible elementor-widget elementor-widget-image\" data-id=\"ff14b0b\" data-element_type=\"widget\" data-settings=\"{&quot;_animation&quot;:&quot;slideInLeft&quot;}\" data-widget_type=\"image.default\">\n\t\t\t\t<div class=\"elementor-widget-container\">\n\t\t\t\t\t\t\t\t\t\t\t\t\t\t<a href=\"https:\/\/horizonmerpenthousealcossebre.com\/wp-content\/uploads\/2024\/03\/Dressing-Suite-parentale-scaled.jpg\">\n\t\t\t\t\t\t\t<img decoding=\"async\" width=\"768\" height=\"577\" src=\"https:\/\/horizonmerpenthousealcossebre.com\/wp-content\/uploads\/2024\/03\/Dressing-Suite-parentale-768x577.jpg\" class=\"attachment-medium_large size-medium_large wp-image-760\" alt=\"\" srcset=\"https:\/\/horizonmerpenthousealcossebre.com\/wp-content\/uploads\/2024\/03\/Dressing-Suite-parentale-768x577.jpg 768w, https:\/\/horizonmerpenthousealcossebre.com\/wp-content\/uploads\/2024\/03\/Dressing-Suite-parentale-300x225.jpg 300w, https:\/\/horizonmerpenthousealcossebre.com\/wp-content\/uploads\/2024\/03\/Dressing-Suite-parentale-1024x769.jpg 1024w, https:\/\/horizonmerpenthousealcossebre.com\/wp-content\/uploads\/2024\/03\/Dressing-Suite-parentale-1536x1154.jpg 1536w, https:\/\/horizonmerpenthousealcossebre.com\/wp-content\/uploads\/2024\/03\/Dressing-Suite-parentale-2048x1539.jpg 2048w\" sizes=\"(max-width: 768px) 100vw, 768px\" \/>\t\t\t\t\t\t\t\t<\/a>\n\t\t\t\t\t\t\t\t\t\t\t\t\t<\/div>\n\t\t\t\t<\/div>\n\t\t\t\t<div class=\"elementor-element elementor-element-703ec30 elementor-invisible elementor-widget elementor-widget-image\" data-id=\"703ec30\" data-element_type=\"widget\" data-settings=\"{&quot;_animation&quot;:&quot;slideInLeft&quot;}\" data-widget_type=\"image.default\">\n\t\t\t\t<div class=\"elementor-widget-container\">\n\t\t\t\t\t\t\t\t\t\t\t\t\t\t<a href=\"https:\/\/horizonmerpenthousealcossebre.com\/wp-content\/uploads\/2024\/03\/Chambre-4-scaled.jpg\">\n\t\t\t\t\t\t\t<img loading=\"lazy\" decoding=\"async\" width=\"768\" height=\"577\" src=\"https:\/\/horizonmerpenthousealcossebre.com\/wp-content\/uploads\/2024\/03\/Chambre-4-768x577.jpg\" class=\"attachment-medium_large size-medium_large wp-image-758\" alt=\"\" srcset=\"https:\/\/horizonmerpenthousealcossebre.com\/wp-content\/uploads\/2024\/03\/Chambre-4-768x577.jpg 768w, https:\/\/horizonmerpenthousealcossebre.com\/wp-content\/uploads\/2024\/03\/Chambre-4-300x225.jpg 300w, https:\/\/horizonmerpenthousealcossebre.com\/wp-content\/uploads\/2024\/03\/Chambre-4-1024x769.jpg 1024w, https:\/\/horizonmerpenthousealcossebre.com\/wp-content\/uploads\/2024\/03\/Chambre-4-1536x1154.jpg 1536w, https:\/\/horizonmerpenthousealcossebre.com\/wp-content\/uploads\/2024\/03\/Chambre-4-2048x1539.jpg 2048w\" sizes=\"(max-width: 768px) 100vw, 768px\" \/>\t\t\t\t\t\t\t\t<\/a>\n\t\t\t\t\t\t\t\t\t\t\t\t\t<\/div>\n\t\t\t\t<\/div>\n\t\t\t\t<div class=\"elementor-element elementor-element-3dcb0b0 elementor-widget elementor-widget-text-editor\" data-id=\"3dcb0b0\" data-element_type=\"widget\" data-widget_type=\"text-editor.default\">\n\t\t\t\t<div class=\"elementor-widget-container\">\n\t\t\t<style>\/*! elementor - v3.21.0 - 08-05-2024 *\/\n.elementor-widget-text-editor.elementor-drop-cap-view-stacked .elementor-drop-cap{background-color:#69727d;color:#fff}.elementor-widget-text-editor.elementor-drop-cap-view-framed .elementor-drop-cap{color:#69727d;border:3px solid;background-color:transparent}.elementor-widget-text-editor:not(.elementor-drop-cap-view-default) .elementor-drop-cap{margin-top:8px}.elementor-widget-text-editor:not(.elementor-drop-cap-view-default) .elementor-drop-cap-letter{width:1em;height:1em}.elementor-widget-text-editor .elementor-drop-cap{float:left;text-align:center;line-height:1;font-size:50px}.elementor-widget-text-editor .elementor-drop-cap-letter{display:inline-block}<\/style>\t\t\t\t<p><span style=\"vertical-align: inherit;\"><span style=\"vertical-align: inherit;\"><span style=\"vertical-align: inherit;\">Le premier niveau de ce duplex dispose de trois chambres doubles, d&#8217;une salle d&#8217;eau moderne avec une double douche, ainsi que des toilettes s\u00e9par\u00e9es pour plus de confort et d&#8217;intimit\u00e9. <\/span><\/span><\/span><span style=\"vertical-align: inherit;\"><span style=\"vertical-align: inherit;\"><span style=\"vertical-align: inherit;\">Les chambres sont d\u00e9cor\u00e9es avec go\u00fbt dans des tons doux et apaisants pour cr\u00e9er une atmosph\u00e8re relaxante.<\/span><\/span><\/span><\/p>\n<p class=\"font_8 wixui-rich-text__text\"><span class=\"wixui-rich-text__text\"><span style=\"vertical-align: inherit;\"><span style=\"vertical-align: inherit;\"><span style=\"vertical-align: inherit;\">\u00c0 l&#8217;\u00e9tage, se trouve une grande suite parentale avec une salle de bain privative et un dressing spacieux.&nbsp;<\/span><\/span><\/span><\/span><\/p><p class=\"font_8 wixui-rich-text__text\"><span class=\"wixui-rich-text__text\"><span style=\"vertical-align: inherit;\"><span style=\"vertical-align: inherit;\"><span style=\"vertical-align: inherit;\">La chambre est dot\u00e9e de grandes baies vitr\u00e9es qui offrent une vue panoramique sur la mer, permettant aux clients de se r\u00e9veiller chaque matin en contemplant un paysage de r\u00eave.<\/span><\/span><\/span><\/span><\/p>\t\t\t\t\t\t<\/div>\n\t\t\t\t<\/div>\n\t\t\t\t<div class=\"elementor-element elementor-element-ad4a4af elementor-invisible elementor-widget elementor-widget-image\" data-id=\"ad4a4af\" data-element_type=\"widget\" data-settings=\"{&quot;_animation&quot;:&quot;slideInLeft&quot;}\" data-widget_type=\"image.default\">\n\t\t\t\t<div class=\"elementor-widget-container\">\n\t\t\t\t\t\t\t\t\t\t\t\t\t\t<a href=\"https:\/\/horizonmerpenthousealcossebre.com\/wp-content\/uploads\/2024\/03\/Placard-Chambre-scaled.jpg\">\n\t\t\t\t\t\t\t<img loading=\"lazy\" decoding=\"async\" width=\"768\" height=\"577\" src=\"https:\/\/horizonmerpenthousealcossebre.com\/wp-content\/uploads\/2024\/03\/Placard-Chambre-768x577.jpg\" class=\"attachment-medium_large size-medium_large wp-image-762\" alt=\"\" srcset=\"https:\/\/horizonmerpenthousealcossebre.com\/wp-content\/uploads\/2024\/03\/Placard-Chambre-768x577.jpg 768w, https:\/\/horizonmerpenthousealcossebre.com\/wp-content\/uploads\/2024\/03\/Placard-Chambre-300x225.jpg 300w, https:\/\/horizonmerpenthousealcossebre.com\/wp-content\/uploads\/2024\/03\/Placard-Chambre-1024x770.jpg 1024w, https:\/\/horizonmerpenthousealcossebre.com\/wp-content\/uploads\/2024\/03\/Placard-Chambre-1536x1154.jpg 1536w, https:\/\/horizonmerpenthousealcossebre.com\/wp-content\/uploads\/2024\/03\/Placard-Chambre-2048x1539.jpg 2048w\" sizes=\"(max-width: 768px) 100vw, 768px\" \/>\t\t\t\t\t\t\t\t<\/a>\n\t\t\t\t\t\t\t\t\t\t\t\t\t<\/div>\n\t\t\t\t<\/div>\n\t\t<div class=\"elementor-element elementor-element-8c0781c e-flex e-con-boxed e-con e-child\" data-id=\"8c0781c\" data-element_type=\"container\">\n\t\t\t\t\t<div class=\"e-con-inner\">\n\t\t\t\t\t<\/div>\n\t\t\t\t<\/div>\n\t\t\t\t\t<\/div>\n\t\t\t\t<\/div>\n\t\t\t\t\t<\/div>\n\t\t\t\t<\/div>\n\t\t\t\t<\/div>\n\t\t<div class=\"elementor-element elementor-element-081fd10 e-flex e-con-boxed e-con e-parent\" data-id=\"081fd10\" data-element_type=\"container\">\n\t\t\t\t\t<div class=\"e-con-inner\">\n\t\t\t\t<div class=\"elementor-element elementor-element-85a935e elementor-align-right elementor-widget elementor-widget-button\" data-id=\"85a935e\" data-element_type=\"widget\" data-widget_type=\"button.default\">\n\t\t\t\t<div class=\"elementor-widget-container\">\n\t\t\t\t\t<div class=\"elementor-button-wrapper\">\n\t\t\t<a class=\"elementor-button elementor-button-link elementor-size-sm\" href=\"https:\/\/horizonmerpenthousealcossebre.com\/?page_id=116\">\n\t\t\t\t\t\t<span class=\"elementor-button-content-wrapper\">\n\t\t\t\t\t\t<span class=\"elementor-button-icon elementor-align-icon-left\">\n\t\t\t\t<svg aria-hidden=\"true\" class=\"e-font-icon-svg e-fas-backward\" viewBox=\"0 0 512 512\" xmlns=\"http:\/\/www.w3.org\/2000\/svg\"><path d=\"M11.5 280.6l192 160c20.6 17.2 52.5 2.8 52.5-24.6V96c0-27.4-31.9-41.8-52.5-24.6l-192 160c-15.3 12.8-15.3 36.4 0 49.2zm256 0l192 160c20.6 17.2 52.5 2.8 52.5-24.6V96c0-27.4-31.9-41.8-52.5-24.6l-192 160c-15.3 12.8-15.3 36.4 0 49.2z\"><\/path><\/svg>\t\t\t<\/span>\n\t\t\t\t\t\t\t\t<\/span>\n\t\t\t\t\t<\/a>\n\t\t<\/div>\n\t\t\t\t<\/div>\n\t\t\t\t<\/div>\n\t\t\t\t\t<\/div>\n\t\t\t\t<\/div>\n\t\t<div class=\"elementor-element elementor-element-492a52b e-flex e-con-boxed e-con e-parent\" data-id=\"492a52b\" data-element_type=\"container\">\n\t\t\t\t\t<div class=\"e-con-inner\">\n\t\t\t\t\t<\/div>\n\t\t\t\t<\/div>\n\t\t\t\t<\/div>\n\t\t","protected":false},"excerpt":{"rendered":"<p>Les Chambres Quatre chambres cocoon, dont deux disposent de grands placards, tandis que la suite parentale offre, une grande salle de bain et un espace dressing pour un confort ultime. Le premier niveau de ce duplex dispose de trois chambres doubles, d&#8217;une salle d&#8217;eau moderne avec une double douche, ainsi que des toilettes s\u00e9par\u00e9es pour [&hellip;]<\/p>\n","protected":false},"author":1,"featured_media":0,"parent":116,"menu_order":0,"comment_status":"closed","ping_status":"closed","template":"elementor_header_footer","meta":{"ocean_post_layout":"","ocean_both_sidebars_style":"","ocean_both_sidebars_content_width":0,"ocean_both_sidebars_sidebars_width":0,"ocean_sidebar":"","ocean_second_sidebar":"","ocean_disable_margins":"enable","ocean_add_body_class":"","ocean_shortcode_before_top_bar":"","ocean_shortcode_after_top_bar":"","ocean_shortcode_before_header":"","ocean_shortcode_after_header":"","ocean_has_shortcode":"","ocean_shortcode_after_title":"","ocean_shortcode_before_footer_widgets":"","ocean_shortcode_after_footer_widgets":"","ocean_shortcode_before_footer_bottom":"","ocean_shortcode_after_footer_bottom":"","ocean_display_top_bar":"default","ocean_display_header":"default","ocean_header_style":"","ocean_center_header_left_menu":"","ocean_custom_header_template":"","ocean_custom_logo":0,"ocean_custom_retina_logo":0,"ocean_custom_logo_max_width":0,"ocean_custom_logo_tablet_max_width":0,"ocean_custom_logo_mobile_max_width":0,"ocean_custom_logo_max_height":0,"ocean_custom_logo_tablet_max_height":0,"ocean_custom_logo_mobile_max_height":0,"ocean_header_custom_menu":"","ocean_menu_typo_font_family":"","ocean_menu_typo_font_subset":"","ocean_menu_typo_font_size":0,"ocean_menu_typo_font_size_tablet":0,"ocean_menu_typo_font_size_mobile":0,"ocean_menu_typo_font_size_unit":"px","ocean_menu_typo_font_weight":"","ocean_menu_typo_font_weight_tablet":"","ocean_menu_typo_font_weight_mobile":"","ocean_menu_typo_transform":"","ocean_menu_typo_transform_tablet":"","ocean_menu_typo_transform_mobile":"","ocean_menu_typo_line_height":0,"ocean_menu_typo_line_height_tablet":0,"ocean_menu_typo_line_height_mobile":0,"ocean_menu_typo_line_height_unit":"","ocean_menu_typo_spacing":0,"ocean_menu_typo_spacing_tablet":0,"ocean_menu_typo_spacing_mobile":0,"ocean_menu_typo_spacing_unit":"","ocean_menu_link_color":"","ocean_menu_link_color_hover":"","ocean_menu_link_color_active":"","ocean_menu_link_background":"","ocean_menu_link_hover_background":"","ocean_menu_link_active_background":"","ocean_menu_social_links_bg":"","ocean_menu_social_hover_links_bg":"","ocean_menu_social_links_color":"","ocean_menu_social_hover_links_color":"","ocean_disable_title":"default","ocean_disable_heading":"default","ocean_post_title":"","ocean_post_subheading":"","ocean_post_title_style":"","ocean_post_title_background_color":"","ocean_post_title_background":0,"ocean_post_title_bg_image_position":"","ocean_post_title_bg_image_attachment":"","ocean_post_title_bg_image_repeat":"","ocean_post_title_bg_image_size":"","ocean_post_title_height":0,"ocean_post_title_bg_overlay":0.5,"ocean_post_title_bg_overlay_color":"","ocean_disable_breadcrumbs":"default","ocean_breadcrumbs_color":"","ocean_breadcrumbs_separator_color":"","ocean_breadcrumbs_links_color":"","ocean_breadcrumbs_links_hover_color":"","ocean_display_footer_widgets":"default","ocean_display_footer_bottom":"default","ocean_custom_footer_template":"","footnotes":""},"class_list":["post-147","page","type-page","status-publish","hentry","entry"],"yoast_head":"<!-- This site is optimized with the Yoast SEO plugin v22.7 - https:\/\/yoast.com\/wordpress\/plugins\/seo\/ -->\n<title>Les Chambres - horizonmerpenthousealcossebre.com<\/title>\n<meta name=\"robots\" content=\"index, follow, max-snippet:-1, max-image-preview:large, max-video-preview:-1\" \/>\n<link rel=\"canonical\" href=\"https:\/\/horizonmerpenthousealcossebre.com\/?page_id=147\" \/>\n<meta property=\"og:locale\" content=\"en_US\" \/>\n<meta property=\"og:type\" content=\"article\" \/>\n<meta property=\"og:title\" content=\"Les Chambres - horizonmerpenthousealcossebre.com\" \/>\n<meta property=\"og:description\" content=\"Les Chambres Quatre chambres cocoon, dont deux disposent de grands placards, tandis que la suite parentale offre, une grande salle de bain et un espace dressing pour un confort ultime. Le premier niveau de ce duplex dispose de trois chambres doubles, d&#8217;une salle d&#8217;eau moderne avec une double douche, ainsi que des toilettes s\u00e9par\u00e9es pour [&hellip;]\" \/>\n<meta property=\"og:url\" content=\"https:\/\/horizonmerpenthousealcossebre.com\/?page_id=147\" \/>\n<meta property=\"og:site_name\" content=\"horizonmerpenthousealcossebre.com\" \/>\n<meta property=\"article:modified_time\" content=\"2024-12-17T14:53:24+00:00\" \/>\n<meta property=\"og:image\" content=\"https:\/\/horizonmerpenthousealcossebre.com\/wp-content\/uploads\/2024\/03\/Suite-parentale-768x577.jpg\" \/>\n<meta name=\"twitter:card\" content=\"summary_large_image\" \/>\n<meta name=\"twitter:label1\" content=\"Est. reading time\" \/>\n\t<meta name=\"twitter:data1\" content=\"2 minutes\" \/>\n<script type=\"application\/ld+json\" class=\"yoast-schema-graph\">{\"@context\":\"https:\/\/schema.org\",\"@graph\":[{\"@type\":\"WebPage\",\"@id\":\"https:\/\/horizonmerpenthousealcossebre.com\/?page_id=147\",\"url\":\"https:\/\/horizonmerpenthousealcossebre.com\/?page_id=147\",\"name\":\"Les Chambres - horizonmerpenthousealcossebre.com\",\"isPartOf\":{\"@id\":\"https:\/\/horizonmerpenthousealcossebre.com\/#website\"},\"primaryImageOfPage\":{\"@id\":\"https:\/\/horizonmerpenthousealcossebre.com\/?page_id=147#primaryimage\"},\"image\":{\"@id\":\"https:\/\/horizonmerpenthousealcossebre.com\/?page_id=147#primaryimage\"},\"thumbnailUrl\":\"https:\/\/horizonmerpenthousealcossebre.com\/wp-content\/uploads\/2024\/03\/Suite-parentale-768x577.jpg\",\"datePublished\":\"2024-03-18T15:00:04+00:00\",\"dateModified\":\"2024-12-17T14:53:24+00:00\",\"breadcrumb\":{\"@id\":\"https:\/\/horizonmerpenthousealcossebre.com\/?page_id=147#breadcrumb\"},\"inLanguage\":\"en-US\",\"potentialAction\":[{\"@type\":\"ReadAction\",\"target\":[\"https:\/\/horizonmerpenthousealcossebre.com\/?page_id=147\"]}]},{\"@type\":\"ImageObject\",\"inLanguage\":\"en-US\",\"@id\":\"https:\/\/horizonmerpenthousealcossebre.com\/?page_id=147#primaryimage\",\"url\":\"https:\/\/horizonmerpenthousealcossebre.com\/wp-content\/uploads\/2024\/03\/Suite-parentale-scaled.jpg\",\"contentUrl\":\"https:\/\/horizonmerpenthousealcossebre.com\/wp-content\/uploads\/2024\/03\/Suite-parentale-scaled.jpg\",\"width\":2560,\"height\":1924},{\"@type\":\"BreadcrumbList\",\"@id\":\"https:\/\/horizonmerpenthousealcossebre.com\/?page_id=147#breadcrumb\",\"itemListElement\":[{\"@type\":\"ListItem\",\"position\":1,\"name\":\"Home\",\"item\":\"https:\/\/horizonmerpenthousealcossebre.com\/\"},{\"@type\":\"ListItem\",\"position\":2,\"name\":\"L&#8217;APPARTEMENT\",\"item\":\"https:\/\/horizonmerpenthousealcossebre.com\/?page_id=116\"},{\"@type\":\"ListItem\",\"position\":3,\"name\":\"Les Chambres\"}]},{\"@type\":\"WebSite\",\"@id\":\"https:\/\/horizonmerpenthousealcossebre.com\/#website\",\"url\":\"https:\/\/horizonmerpenthousealcossebre.com\/\",\"name\":\"horizonmerpenthousealcossebre.com\",\"description\":\"\",\"potentialAction\":[{\"@type\":\"SearchAction\",\"target\":{\"@type\":\"EntryPoint\",\"urlTemplate\":\"https:\/\/horizonmerpenthousealcossebre.com\/?s={search_term_string}\"},\"query-input\":\"required name=search_term_string\"}],\"inLanguage\":\"en-US\"}]}<\/script>\n<!-- \/ Yoast SEO plugin. -->","yoast_head_json":{"title":"Les Chambres - horizonmerpenthousealcossebre.com","robots":{"index":"index","follow":"follow","max-snippet":"max-snippet:-1","max-image-preview":"max-image-preview:large","max-video-preview":"max-video-preview:-1"},"canonical":"https:\/\/horizonmerpenthousealcossebre.com\/?page_id=147","og_locale":"en_US","og_type":"article","og_title":"Les Chambres - horizonmerpenthousealcossebre.com","og_description":"Les Chambres Quatre chambres cocoon, dont deux disposent de grands placards, tandis que la suite parentale offre, une grande salle de bain et un espace dressing pour un confort ultime. Le premier niveau de ce duplex dispose de trois chambres doubles, d&#8217;une salle d&#8217;eau moderne avec une double douche, ainsi que des toilettes s\u00e9par\u00e9es pour [&hellip;]","og_url":"https:\/\/horizonmerpenthousealcossebre.com\/?page_id=147","og_site_name":"horizonmerpenthousealcossebre.com","article_modified_time":"2024-12-17T14:53:24+00:00","og_image":[{"url":"https:\/\/horizonmerpenthousealcossebre.com\/wp-content\/uploads\/2024\/03\/Suite-parentale-768x577.jpg"}],"twitter_card":"summary_large_image","twitter_misc":{"Est. reading time":"2 minutes"},"schema":{"@context":"https:\/\/schema.org","@graph":[{"@type":"WebPage","@id":"https:\/\/horizonmerpenthousealcossebre.com\/?page_id=147","url":"https:\/\/horizonmerpenthousealcossebre.com\/?page_id=147","name":"Les Chambres - horizonmerpenthousealcossebre.com","isPartOf":{"@id":"https:\/\/horizonmerpenthousealcossebre.com\/#website"},"primaryImageOfPage":{"@id":"https:\/\/horizonmerpenthousealcossebre.com\/?page_id=147#primaryimage"},"image":{"@id":"https:\/\/horizonmerpenthousealcossebre.com\/?page_id=147#primaryimage"},"thumbnailUrl":"https:\/\/horizonmerpenthousealcossebre.com\/wp-content\/uploads\/2024\/03\/Suite-parentale-768x577.jpg","datePublished":"2024-03-18T15:00:04+00:00","dateModified":"2024-12-17T14:53:24+00:00","breadcrumb":{"@id":"https:\/\/horizonmerpenthousealcossebre.com\/?page_id=147#breadcrumb"},"inLanguage":"en-US","potentialAction":[{"@type":"ReadAction","target":["https:\/\/horizonmerpenthousealcossebre.com\/?page_id=147"]}]},{"@type":"ImageObject","inLanguage":"en-US","@id":"https:\/\/horizonmerpenthousealcossebre.com\/?page_id=147#primaryimage","url":"https:\/\/horizonmerpenthousealcossebre.com\/wp-content\/uploads\/2024\/03\/Suite-parentale-scaled.jpg","contentUrl":"https:\/\/horizonmerpenthousealcossebre.com\/wp-content\/uploads\/2024\/03\/Suite-parentale-scaled.jpg","width":2560,"height":1924},{"@type":"BreadcrumbList","@id":"https:\/\/horizonmerpenthousealcossebre.com\/?page_id=147#breadcrumb","itemListElement":[{"@type":"ListItem","position":1,"name":"Home","item":"https:\/\/horizonmerpenthousealcossebre.com\/"},{"@type":"ListItem","position":2,"name":"L&#8217;APPARTEMENT","item":"https:\/\/horizonmerpenthousealcossebre.com\/?page_id=116"},{"@type":"ListItem","position":3,"name":"Les Chambres"}]},{"@type":"WebSite","@id":"https:\/\/horizonmerpenthousealcossebre.com\/#website","url":"https:\/\/horizonmerpenthousealcossebre.com\/","name":"horizonmerpenthousealcossebre.com","description":"","potentialAction":[{"@type":"SearchAction","target":{"@type":"EntryPoint","urlTemplate":"https:\/\/horizonmerpenthousealcossebre.com\/?s={search_term_string}"},"query-input":"required name=search_term_string"}],"inLanguage":"en-US"}]}},"_links":{"self":[{"href":"https:\/\/horizonmerpenthousealcossebre.com\/index.php?rest_route=\/wp\/v2\/pages\/147","targetHints":{"allow":["GET"]}}],"collection":[{"href":"https:\/\/horizonmerpenthousealcossebre.com\/index.php?rest_route=\/wp\/v2\/pages"}],"about":[{"href":"https:\/\/horizonmerpenthousealcossebre.com\/index.php?rest_route=\/wp\/v2\/types\/page"}],"author":[{"embeddable":true,"href":"https:\/\/horizonmerpenthousealcossebre.com\/index.php?rest_route=\/wp\/v2\/users\/1"}],"replies":[{"embeddable":true,"href":"https:\/\/horizonmerpenthousealcossebre.com\/index.php?rest_route=%2Fwp%2Fv2%2Fcomments&post=147"}],"version-history":[{"count":106,"href":"https:\/\/horizonmerpenthousealcossebre.com\/index.php?rest_route=\/wp\/v2\/pages\/147\/revisions"}],"predecessor-version":[{"id":5375,"href":"https:\/\/horizonmerpenthousealcossebre.com\/index.php?rest_route=\/wp\/v2\/pages\/147\/revisions\/5375"}],"up":[{"embeddable":true,"href":"https:\/\/horizonmerpenthousealcossebre.com\/index.php?rest_route=\/wp\/v2\/pages\/116"}],"wp:attachment":[{"href":"https:\/\/horizonmerpenthousealcossebre.com\/index.php?rest_route=%2Fwp%2Fv2%2Fmedia&parent=147"}],"curies":[{"name":"wp","href":"https:\/\/api.w.org\/{rel}","templated":true}]}}