{"id":145,"date":"2024-03-18T15:00:29","date_gmt":"2024-03-18T15:00:29","guid":{"rendered":"https:\/\/horizonmerpenthousealcossebre.com\/?page_id=145"},"modified":"2024-12-17T14:52:30","modified_gmt":"2024-12-17T14:52:30","slug":"cuisine","status":"publish","type":"page","link":"https:\/\/horizonmerpenthousealcossebre.com\/?page_id=145","title":{"rendered":"La Cuisine"},"content":{"rendered":"\t\t<div data-elementor-type=\"wp-page\" data-elementor-id=\"145\" class=\"elementor elementor-145\">\n\t\t\t\t<div class=\"elementor-element elementor-element-a9b9d85 e-flex e-con-boxed e-con e-parent\" data-id=\"a9b9d85\" data-element_type=\"container\" data-settings=\"{&quot;background_background&quot;:&quot;gradient&quot;}\">\n\t\t\t\t\t<div class=\"e-con-inner\">\n\t\t\t\t<div class=\"elementor-element elementor-element-643df05 elementor-widget elementor-widget-heading\" data-id=\"643df05\" data-element_type=\"widget\" data-widget_type=\"heading.default\">\n\t\t\t\t<div class=\"elementor-widget-container\">\n\t\t\t<style>\/*! elementor - v3.21.0 - 08-05-2024 *\/\n.elementor-heading-title{padding:0;margin:0;line-height:1}.elementor-widget-heading .elementor-heading-title[class*=elementor-size-]>a{color:inherit;font-size:inherit;line-height:inherit}.elementor-widget-heading .elementor-heading-title.elementor-size-small{font-size:15px}.elementor-widget-heading .elementor-heading-title.elementor-size-medium{font-size:19px}.elementor-widget-heading .elementor-heading-title.elementor-size-large{font-size:29px}.elementor-widget-heading .elementor-heading-title.elementor-size-xl{font-size:39px}.elementor-widget-heading .elementor-heading-title.elementor-size-xxl{font-size:59px}<\/style><h2 class=\"elementor-heading-title elementor-size-default\"><b>La Cuisine<\/b><\/h2>\t\t<\/div>\n\t\t\t\t<\/div>\n\t\t\t\t\t<\/div>\n\t\t\t\t<\/div>\n\t\t\t\t<section class=\"elementor-section elementor-top-section elementor-element elementor-element-4a5c8e98 elementor-section-boxed elementor-section-height-default elementor-section-height-default\" data-id=\"4a5c8e98\" data-element_type=\"section\" data-settings=\"{&quot;background_background&quot;:&quot;classic&quot;}\">\n\t\t\t\t\t\t<div class=\"elementor-container elementor-column-gap-default\">\n\t\t\t\t\t<div class=\"elementor-column elementor-col-100 elementor-top-column elementor-element elementor-element-2df918c8\" data-id=\"2df918c8\" data-element_type=\"column\">\n\t\t\t<div class=\"elementor-widget-wrap elementor-element-populated\">\n\t\t\t\t\t\t<div class=\"elementor-element elementor-element-1644235 elementor-widget elementor-widget-heading\" data-id=\"1644235\" data-element_type=\"widget\" data-widget_type=\"heading.default\">\n\t\t\t\t<div class=\"elementor-widget-container\">\n\t\t\t<h2 class=\"elementor-heading-title elementor-size-default\">\"La Cuisine Parfaite: Un Espace Fonctionnel, Moderne et \u00c9l\u00e9gant pour Cuisiner avec Style et Confort !<\/h2>\t\t<\/div>\n\t\t\t\t<\/div>\n\t\t\t\t\t<\/div>\n\t\t<\/div>\n\t\t\t\t\t<\/div>\n\t\t<\/section>\n\t\t\t\t<section class=\"elementor-section elementor-top-section elementor-element elementor-element-637d28f7 elementor-section-boxed elementor-section-height-default elementor-section-height-default\" data-id=\"637d28f7\" data-element_type=\"section\" data-settings=\"{&quot;background_background&quot;:&quot;classic&quot;}\">\n\t\t\t\t\t\t<div class=\"elementor-container elementor-column-gap-default\">\n\t\t\t\t\t<div class=\"elementor-column elementor-col-100 elementor-top-column elementor-element elementor-element-1dc0d7e2\" data-id=\"1dc0d7e2\" data-element_type=\"column\">\n\t\t\t<div class=\"elementor-widget-wrap elementor-element-populated\">\n\t\t\t\t\t\t<section class=\"elementor-section elementor-inner-section elementor-element elementor-element-182efd6f elementor-section-full_width elementor-section-height-default elementor-section-height-default\" data-id=\"182efd6f\" data-element_type=\"section\">\n\t\t\t\t\t\t<div class=\"elementor-container elementor-column-gap-default\">\n\t\t\t\t\t<div class=\"elementor-column elementor-col-50 elementor-inner-column elementor-element elementor-element-7493a480 animated-slow elementor-invisible\" data-id=\"7493a480\" data-element_type=\"column\" data-settings=\"{&quot;animation&quot;:&quot;slideInUp&quot;}\">\n\t\t\t<div class=\"elementor-widget-wrap elementor-element-populated\">\n\t\t\t\t\t\t<div class=\"elementor-element elementor-element-46a09379 elementor-widget elementor-widget-image\" data-id=\"46a09379\" data-element_type=\"widget\" data-widget_type=\"image.default\">\n\t\t\t\t<div class=\"elementor-widget-container\">\n\t\t\t<style>\/*! elementor - v3.21.0 - 08-05-2024 *\/\n.elementor-widget-image{text-align:center}.elementor-widget-image a{display:inline-block}.elementor-widget-image a img[src$=\".svg\"]{width:48px}.elementor-widget-image img{vertical-align:middle;display:inline-block}<\/style>\t\t\t\t\t\t\t\t\t\t\t<a href=\"https:\/\/horizonmerpenthousealcossebre.com\/wp-content\/uploads\/2024\/03\/Black-White-Elegant-Simple-Save-the-Date-Instagram-Post.png\">\n\t\t\t\t\t\t\t<img fetchpriority=\"high\" decoding=\"async\" width=\"2560\" height=\"1923\" src=\"https:\/\/horizonmerpenthousealcossebre.com\/wp-content\/uploads\/2024\/03\/Cuisine-scaled.jpg\" class=\"attachment-full size-full wp-image-736\" alt=\"\" srcset=\"https:\/\/horizonmerpenthousealcossebre.com\/wp-content\/uploads\/2024\/03\/Cuisine-scaled.jpg 2560w, https:\/\/horizonmerpenthousealcossebre.com\/wp-content\/uploads\/2024\/03\/Cuisine-300x225.jpg 300w, https:\/\/horizonmerpenthousealcossebre.com\/wp-content\/uploads\/2024\/03\/Cuisine-1024x769.jpg 1024w, https:\/\/horizonmerpenthousealcossebre.com\/wp-content\/uploads\/2024\/03\/Cuisine-768x577.jpg 768w, https:\/\/horizonmerpenthousealcossebre.com\/wp-content\/uploads\/2024\/03\/Cuisine-1536x1154.jpg 1536w, https:\/\/horizonmerpenthousealcossebre.com\/wp-content\/uploads\/2024\/03\/Cuisine-2048x1539.jpg 2048w\" sizes=\"(max-width: 2560px) 100vw, 2560px\" \/>\t\t\t\t\t\t\t\t<\/a>\n\t\t\t\t\t\t\t\t\t\t\t\t\t<\/div>\n\t\t\t\t<\/div>\n\t\t\t\t\t<\/div>\n\t\t<\/div>\n\t\t\t\t<div class=\"elementor-column elementor-col-50 elementor-inner-column elementor-element elementor-element-1d419d52 animated-slow elementor-invisible\" data-id=\"1d419d52\" data-element_type=\"column\" data-settings=\"{&quot;animation&quot;:&quot;slideInDown&quot;}\">\n\t\t\t<div class=\"elementor-widget-wrap elementor-element-populated\">\n\t\t\t\t\t\t<div class=\"elementor-element elementor-element-2319135 elementor-widget elementor-widget-text-editor\" data-id=\"2319135\" data-element_type=\"widget\" data-widget_type=\"text-editor.default\">\n\t\t\t\t<div class=\"elementor-widget-container\">\n\t\t\t<style>\/*! elementor - v3.21.0 - 08-05-2024 *\/\n.elementor-widget-text-editor.elementor-drop-cap-view-stacked .elementor-drop-cap{background-color:#69727d;color:#fff}.elementor-widget-text-editor.elementor-drop-cap-view-framed .elementor-drop-cap{color:#69727d;border:3px solid;background-color:transparent}.elementor-widget-text-editor:not(.elementor-drop-cap-view-default) .elementor-drop-cap{margin-top:8px}.elementor-widget-text-editor:not(.elementor-drop-cap-view-default) .elementor-drop-cap-letter{width:1em;height:1em}.elementor-widget-text-editor .elementor-drop-cap{float:left;text-align:center;line-height:1;font-size:50px}.elementor-widget-text-editor .elementor-drop-cap-letter{display:inline-block}<\/style>\t\t\t\t<p><span class=\"wixui-rich-text__text\"><span style=\"vertical-align: inherit;\"><span style=\"vertical-align: inherit;\"><span style=\"vertical-align: inherit;\"><span style=\"vertical-align: inherit;\"><span style=\"vertical-align: inherit;\">La cuisine est \u00e9quip\u00e9e de tout le confort moderne. <\/span><span style=\"vertical-align: inherit;\">Les appareils \u00e9lectrom\u00e9nagers haut de gamme sont les \u00e9l\u00e9ments cl\u00e9s de la cuisine, notamment le r\u00e9frig\u00e9rateur, le four, le micro-ondes et la plaque de cuisson. <\/span><span style=\"vertical-align: inherit;\">Chaque \u00e9l\u00e9ment est int\u00e9gr\u00e9 de mani\u00e8re harmonieuse dans le design de la cuisine pour cr\u00e9er une esth\u00e9tique \u00e9l\u00e9gante et fonctionnelle.<\/span><\/span><\/span><\/span><\/span><\/span><\/p>\n<div class=\"flex flex-grow flex-col max-w-full\">\n<div class=\"min-h-[20px] text-message flex flex-col items-start whitespace-pre-wrap break-words [.text-message+&amp;]:mt-5 juice:w-full juice:items-end overflow-x-auto gap-2\" dir=\"auto\" data-message-author-role=\"assistant\" data-message-id=\"cc24e3fc-ab46-462a-ae7c-970c879d78ab\">\n<div class=\"flex w-full flex-col gap-1 juice:empty:hidden juice:first:pt-[3px]\">\n<div class=\"markdown prose w-full break-words dark:prose-invert light\">\n<p>Les comptoirs en pierre assurent une surface solide pour la pr\u00e9paration les aliments. La cuisine dispose de nombreux rangements pour les ustensiles et les provisions, d&#8217;une machine \u00e0 caf\u00e9 int\u00e9gr\u00e9e, d&#8217;un lave-vaisselle silencieux et d&#8217;une cave \u00e0 vin pour les amateurs. En somme, cette cuisine est id\u00e9ale pour cuisiner, recevoir des invit\u00e9s et profiter du confort moderne dans un cadre \u00e9l\u00e9gant.<\/p>\n<\/div>\n<\/div>\n<\/div>\n<\/div>\t\t\t\t\t\t<\/div>\n\t\t\t\t<\/div>\n\t\t\t\t<div class=\"elementor-element elementor-element-6192fb69 elementor-widget elementor-widget-image\" data-id=\"6192fb69\" data-element_type=\"widget\" data-widget_type=\"image.default\">\n\t\t\t\t<div class=\"elementor-widget-container\">\n\t\t\t\t\t\t\t\t\t\t\t\t\t\t<a href=\"https:\/\/horizonmerpenthousealcossebre.com\/wp-content\/uploads\/2024\/03\/P.-AZAHAR-27-scaled.jpg\">\n\t\t\t\t\t\t\t<img decoding=\"async\" width=\"2560\" height=\"1924\" src=\"https:\/\/horizonmerpenthousealcossebre.com\/wp-content\/uploads\/2024\/03\/P.-AZAHAR-27-scaled.jpg\" class=\"attachment-full size-full wp-image-43\" alt=\"\" srcset=\"https:\/\/horizonmerpenthousealcossebre.com\/wp-content\/uploads\/2024\/03\/P.-AZAHAR-27-scaled.jpg 2560w, https:\/\/horizonmerpenthousealcossebre.com\/wp-content\/uploads\/2024\/03\/P.-AZAHAR-27-300x225.jpg 300w, https:\/\/horizonmerpenthousealcossebre.com\/wp-content\/uploads\/2024\/03\/P.-AZAHAR-27-1024x770.jpg 1024w, https:\/\/horizonmerpenthousealcossebre.com\/wp-content\/uploads\/2024\/03\/P.-AZAHAR-27-768x577.jpg 768w, https:\/\/horizonmerpenthousealcossebre.com\/wp-content\/uploads\/2024\/03\/P.-AZAHAR-27-1536x1154.jpg 1536w, https:\/\/horizonmerpenthousealcossebre.com\/wp-content\/uploads\/2024\/03\/P.-AZAHAR-27-2048x1539.jpg 2048w\" sizes=\"(max-width: 2560px) 100vw, 2560px\" \/>\t\t\t\t\t\t\t\t<\/a>\n\t\t\t\t\t\t\t\t\t\t\t\t\t<\/div>\n\t\t\t\t<\/div>\n\t\t\t\t\t<\/div>\n\t\t<\/div>\n\t\t\t\t\t<\/div>\n\t\t<\/section>\n\t\t\t\t\t<\/div>\n\t\t<\/div>\n\t\t\t\t\t<\/div>\n\t\t<\/section>\n\t\t<div class=\"elementor-element elementor-element-78acef5 e-flex e-con-boxed e-con e-parent\" data-id=\"78acef5\" data-element_type=\"container\">\n\t\t\t\t\t<div class=\"e-con-inner\">\n\t\t\t\t<div class=\"elementor-element elementor-element-72e2015 elementor-align-right elementor-widget elementor-widget-button\" data-id=\"72e2015\" data-element_type=\"widget\" data-widget_type=\"button.default\">\n\t\t\t\t<div class=\"elementor-widget-container\">\n\t\t\t\t\t<div class=\"elementor-button-wrapper\">\n\t\t\t<a class=\"elementor-button elementor-button-link elementor-size-sm\" href=\"https:\/\/horizonmerpenthousealcossebre.com\/?page_id=116\">\n\t\t\t\t\t\t<span class=\"elementor-button-content-wrapper\">\n\t\t\t\t\t\t<span class=\"elementor-button-icon elementor-align-icon-left\">\n\t\t\t\t<svg aria-hidden=\"true\" class=\"e-font-icon-svg e-fas-backward\" viewBox=\"0 0 512 512\" xmlns=\"http:\/\/www.w3.org\/2000\/svg\"><path d=\"M11.5 280.6l192 160c20.6 17.2 52.5 2.8 52.5-24.6V96c0-27.4-31.9-41.8-52.5-24.6l-192 160c-15.3 12.8-15.3 36.4 0 49.2zm256 0l192 160c20.6 17.2 52.5 2.8 52.5-24.6V96c0-27.4-31.9-41.8-52.5-24.6l-192 160c-15.3 12.8-15.3 36.4 0 49.2z\"><\/path><\/svg>\t\t\t<\/span>\n\t\t\t\t\t\t\t\t<\/span>\n\t\t\t\t\t<\/a>\n\t\t<\/div>\n\t\t\t\t<\/div>\n\t\t\t\t<\/div>\n\t\t\t\t\t<\/div>\n\t\t\t\t<\/div>\n\t\t\t\t<\/div>\n\t\t","protected":false},"excerpt":{"rendered":"<p>La Cuisine &#8220;La Cuisine Parfaite: Un Espace Fonctionnel, Moderne et \u00c9l\u00e9gant pour Cuisiner avec Style et Confort ! La cuisine est \u00e9quip\u00e9e de tout le confort moderne. Les appareils \u00e9lectrom\u00e9nagers haut de gamme sont les \u00e9l\u00e9ments cl\u00e9s de la cuisine, notamment le r\u00e9frig\u00e9rateur, le four, le micro-ondes et la plaque de cuisson. Chaque \u00e9l\u00e9ment est [&hellip;]<\/p>\n","protected":false},"author":1,"featured_media":0,"parent":116,"menu_order":0,"comment_status":"closed","ping_status":"closed","template":"elementor_header_footer","meta":{"ocean_post_layout":"","ocean_both_sidebars_style":"","ocean_both_sidebars_content_width":0,"ocean_both_sidebars_sidebars_width":0,"ocean_sidebar":"","ocean_second_sidebar":"","ocean_disable_margins":"enable","ocean_add_body_class":"","ocean_shortcode_before_top_bar":"","ocean_shortcode_after_top_bar":"","ocean_shortcode_before_header":"","ocean_shortcode_after_header":"","ocean_has_shortcode":"","ocean_shortcode_after_title":"","ocean_shortcode_before_footer_widgets":"","ocean_shortcode_after_footer_widgets":"","ocean_shortcode_before_footer_bottom":"","ocean_shortcode_after_footer_bottom":"","ocean_display_top_bar":"default","ocean_display_header":"default","ocean_header_style":"","ocean_center_header_left_menu":"","ocean_custom_header_template":"","ocean_custom_logo":0,"ocean_custom_retina_logo":0,"ocean_custom_logo_max_width":0,"ocean_custom_logo_tablet_max_width":0,"ocean_custom_logo_mobile_max_width":0,"ocean_custom_logo_max_height":0,"ocean_custom_logo_tablet_max_height":0,"ocean_custom_logo_mobile_max_height":0,"ocean_header_custom_menu":"","ocean_menu_typo_font_family":"","ocean_menu_typo_font_subset":"","ocean_menu_typo_font_size":0,"ocean_menu_typo_font_size_tablet":0,"ocean_menu_typo_font_size_mobile":0,"ocean_menu_typo_font_size_unit":"px","ocean_menu_typo_font_weight":"","ocean_menu_typo_font_weight_tablet":"","ocean_menu_typo_font_weight_mobile":"","ocean_menu_typo_transform":"","ocean_menu_typo_transform_tablet":"","ocean_menu_typo_transform_mobile":"","ocean_menu_typo_line_height":0,"ocean_menu_typo_line_height_tablet":0,"ocean_menu_typo_line_height_mobile":0,"ocean_menu_typo_line_height_unit":"","ocean_menu_typo_spacing":0,"ocean_menu_typo_spacing_tablet":0,"ocean_menu_typo_spacing_mobile":0,"ocean_menu_typo_spacing_unit":"","ocean_menu_link_color":"","ocean_menu_link_color_hover":"","ocean_menu_link_color_active":"","ocean_menu_link_background":"","ocean_menu_link_hover_background":"","ocean_menu_link_active_background":"","ocean_menu_social_links_bg":"","ocean_menu_social_hover_links_bg":"","ocean_menu_social_links_color":"","ocean_menu_social_hover_links_color":"","ocean_disable_title":"default","ocean_disable_heading":"default","ocean_post_title":"","ocean_post_subheading":"","ocean_post_title_style":"","ocean_post_title_background_color":"","ocean_post_title_background":0,"ocean_post_title_bg_image_position":"","ocean_post_title_bg_image_attachment":"","ocean_post_title_bg_image_repeat":"","ocean_post_title_bg_image_size":"","ocean_post_title_height":0,"ocean_post_title_bg_overlay":0.5,"ocean_post_title_bg_overlay_color":"","ocean_disable_breadcrumbs":"default","ocean_breadcrumbs_color":"","ocean_breadcrumbs_separator_color":"","ocean_breadcrumbs_links_color":"","ocean_breadcrumbs_links_hover_color":"","ocean_display_footer_widgets":"default","ocean_display_footer_bottom":"default","ocean_custom_footer_template":"","footnotes":""},"class_list":["post-145","page","type-page","status-publish","hentry","entry"],"yoast_head":"<!-- This site is optimized with the Yoast SEO plugin v22.7 - https:\/\/yoast.com\/wordpress\/plugins\/seo\/ -->\n<title>La Cuisine - horizonmerpenthousealcossebre.com<\/title>\n<meta name=\"robots\" content=\"index, follow, max-snippet:-1, max-image-preview:large, max-video-preview:-1\" \/>\n<link rel=\"canonical\" href=\"https:\/\/horizonmerpenthousealcossebre.com\/?page_id=145\" \/>\n<meta property=\"og:locale\" content=\"en_US\" \/>\n<meta property=\"og:type\" content=\"article\" \/>\n<meta property=\"og:title\" content=\"La Cuisine - horizonmerpenthousealcossebre.com\" \/>\n<meta property=\"og:description\" content=\"La Cuisine &#8220;La Cuisine Parfaite: Un Espace Fonctionnel, Moderne et \u00c9l\u00e9gant pour Cuisiner avec Style et Confort ! La cuisine est \u00e9quip\u00e9e de tout le confort moderne. Les appareils \u00e9lectrom\u00e9nagers haut de gamme sont les \u00e9l\u00e9ments cl\u00e9s de la cuisine, notamment le r\u00e9frig\u00e9rateur, le four, le micro-ondes et la plaque de cuisson. Chaque \u00e9l\u00e9ment est [&hellip;]\" \/>\n<meta property=\"og:url\" content=\"https:\/\/horizonmerpenthousealcossebre.com\/?page_id=145\" \/>\n<meta property=\"og:site_name\" content=\"horizonmerpenthousealcossebre.com\" \/>\n<meta property=\"article:modified_time\" content=\"2024-12-17T14:52:30+00:00\" \/>\n<meta property=\"og:image\" content=\"https:\/\/horizonmerpenthousealcossebre.com\/wp-content\/uploads\/2024\/03\/Cuisine-scaled.jpg\" \/>\n<meta name=\"twitter:card\" content=\"summary_large_image\" \/>\n<meta name=\"twitter:label1\" content=\"Est. reading time\" \/>\n\t<meta name=\"twitter:data1\" content=\"1 minute\" \/>\n<script type=\"application\/ld+json\" class=\"yoast-schema-graph\">{\"@context\":\"https:\/\/schema.org\",\"@graph\":[{\"@type\":\"WebPage\",\"@id\":\"https:\/\/horizonmerpenthousealcossebre.com\/?page_id=145\",\"url\":\"https:\/\/horizonmerpenthousealcossebre.com\/?page_id=145\",\"name\":\"La Cuisine - horizonmerpenthousealcossebre.com\",\"isPartOf\":{\"@id\":\"https:\/\/horizonmerpenthousealcossebre.com\/#website\"},\"primaryImageOfPage\":{\"@id\":\"https:\/\/horizonmerpenthousealcossebre.com\/?page_id=145#primaryimage\"},\"image\":{\"@id\":\"https:\/\/horizonmerpenthousealcossebre.com\/?page_id=145#primaryimage\"},\"thumbnailUrl\":\"https:\/\/horizonmerpenthousealcossebre.com\/wp-content\/uploads\/2024\/03\/Cuisine-scaled.jpg\",\"datePublished\":\"2024-03-18T15:00:29+00:00\",\"dateModified\":\"2024-12-17T14:52:30+00:00\",\"breadcrumb\":{\"@id\":\"https:\/\/horizonmerpenthousealcossebre.com\/?page_id=145#breadcrumb\"},\"inLanguage\":\"en-US\",\"potentialAction\":[{\"@type\":\"ReadAction\",\"target\":[\"https:\/\/horizonmerpenthousealcossebre.com\/?page_id=145\"]}]},{\"@type\":\"ImageObject\",\"inLanguage\":\"en-US\",\"@id\":\"https:\/\/horizonmerpenthousealcossebre.com\/?page_id=145#primaryimage\",\"url\":\"https:\/\/horizonmerpenthousealcossebre.com\/wp-content\/uploads\/2024\/03\/Cuisine-scaled.jpg\",\"contentUrl\":\"https:\/\/horizonmerpenthousealcossebre.com\/wp-content\/uploads\/2024\/03\/Cuisine-scaled.jpg\",\"width\":2560,\"height\":1923},{\"@type\":\"BreadcrumbList\",\"@id\":\"https:\/\/horizonmerpenthousealcossebre.com\/?page_id=145#breadcrumb\",\"itemListElement\":[{\"@type\":\"ListItem\",\"position\":1,\"name\":\"Home\",\"item\":\"https:\/\/horizonmerpenthousealcossebre.com\/\"},{\"@type\":\"ListItem\",\"position\":2,\"name\":\"L&#8217;APPARTEMENT\",\"item\":\"https:\/\/horizonmerpenthousealcossebre.com\/?page_id=116\"},{\"@type\":\"ListItem\",\"position\":3,\"name\":\"La Cuisine\"}]},{\"@type\":\"WebSite\",\"@id\":\"https:\/\/horizonmerpenthousealcossebre.com\/#website\",\"url\":\"https:\/\/horizonmerpenthousealcossebre.com\/\",\"name\":\"horizonmerpenthousealcossebre.com\",\"description\":\"\",\"potentialAction\":[{\"@type\":\"SearchAction\",\"target\":{\"@type\":\"EntryPoint\",\"urlTemplate\":\"https:\/\/horizonmerpenthousealcossebre.com\/?s={search_term_string}\"},\"query-input\":\"required name=search_term_string\"}],\"inLanguage\":\"en-US\"}]}<\/script>\n<!-- \/ Yoast SEO plugin. -->","yoast_head_json":{"title":"La Cuisine - horizonmerpenthousealcossebre.com","robots":{"index":"index","follow":"follow","max-snippet":"max-snippet:-1","max-image-preview":"max-image-preview:large","max-video-preview":"max-video-preview:-1"},"canonical":"https:\/\/horizonmerpenthousealcossebre.com\/?page_id=145","og_locale":"en_US","og_type":"article","og_title":"La Cuisine - horizonmerpenthousealcossebre.com","og_description":"La Cuisine &#8220;La Cuisine Parfaite: Un Espace Fonctionnel, Moderne et \u00c9l\u00e9gant pour Cuisiner avec Style et Confort ! La cuisine est \u00e9quip\u00e9e de tout le confort moderne. Les appareils \u00e9lectrom\u00e9nagers haut de gamme sont les \u00e9l\u00e9ments cl\u00e9s de la cuisine, notamment le r\u00e9frig\u00e9rateur, le four, le micro-ondes et la plaque de cuisson. Chaque \u00e9l\u00e9ment est [&hellip;]","og_url":"https:\/\/horizonmerpenthousealcossebre.com\/?page_id=145","og_site_name":"horizonmerpenthousealcossebre.com","article_modified_time":"2024-12-17T14:52:30+00:00","og_image":[{"url":"https:\/\/horizonmerpenthousealcossebre.com\/wp-content\/uploads\/2024\/03\/Cuisine-scaled.jpg"}],"twitter_card":"summary_large_image","twitter_misc":{"Est. reading time":"1 minute"},"schema":{"@context":"https:\/\/schema.org","@graph":[{"@type":"WebPage","@id":"https:\/\/horizonmerpenthousealcossebre.com\/?page_id=145","url":"https:\/\/horizonmerpenthousealcossebre.com\/?page_id=145","name":"La Cuisine - horizonmerpenthousealcossebre.com","isPartOf":{"@id":"https:\/\/horizonmerpenthousealcossebre.com\/#website"},"primaryImageOfPage":{"@id":"https:\/\/horizonmerpenthousealcossebre.com\/?page_id=145#primaryimage"},"image":{"@id":"https:\/\/horizonmerpenthousealcossebre.com\/?page_id=145#primaryimage"},"thumbnailUrl":"https:\/\/horizonmerpenthousealcossebre.com\/wp-content\/uploads\/2024\/03\/Cuisine-scaled.jpg","datePublished":"2024-03-18T15:00:29+00:00","dateModified":"2024-12-17T14:52:30+00:00","breadcrumb":{"@id":"https:\/\/horizonmerpenthousealcossebre.com\/?page_id=145#breadcrumb"},"inLanguage":"en-US","potentialAction":[{"@type":"ReadAction","target":["https:\/\/horizonmerpenthousealcossebre.com\/?page_id=145"]}]},{"@type":"ImageObject","inLanguage":"en-US","@id":"https:\/\/horizonmerpenthousealcossebre.com\/?page_id=145#primaryimage","url":"https:\/\/horizonmerpenthousealcossebre.com\/wp-content\/uploads\/2024\/03\/Cuisine-scaled.jpg","contentUrl":"https:\/\/horizonmerpenthousealcossebre.com\/wp-content\/uploads\/2024\/03\/Cuisine-scaled.jpg","width":2560,"height":1923},{"@type":"BreadcrumbList","@id":"https:\/\/horizonmerpenthousealcossebre.com\/?page_id=145#breadcrumb","itemListElement":[{"@type":"ListItem","position":1,"name":"Home","item":"https:\/\/horizonmerpenthousealcossebre.com\/"},{"@type":"ListItem","position":2,"name":"L&#8217;APPARTEMENT","item":"https:\/\/horizonmerpenthousealcossebre.com\/?page_id=116"},{"@type":"ListItem","position":3,"name":"La Cuisine"}]},{"@type":"WebSite","@id":"https:\/\/horizonmerpenthousealcossebre.com\/#website","url":"https:\/\/horizonmerpenthousealcossebre.com\/","name":"horizonmerpenthousealcossebre.com","description":"","potentialAction":[{"@type":"SearchAction","target":{"@type":"EntryPoint","urlTemplate":"https:\/\/horizonmerpenthousealcossebre.com\/?s={search_term_string}"},"query-input":"required name=search_term_string"}],"inLanguage":"en-US"}]}},"_links":{"self":[{"href":"https:\/\/horizonmerpenthousealcossebre.com\/index.php?rest_route=\/wp\/v2\/pages\/145","targetHints":{"allow":["GET"]}}],"collection":[{"href":"https:\/\/horizonmerpenthousealcossebre.com\/index.php?rest_route=\/wp\/v2\/pages"}],"about":[{"href":"https:\/\/horizonmerpenthousealcossebre.com\/index.php?rest_route=\/wp\/v2\/types\/page"}],"author":[{"embeddable":true,"href":"https:\/\/horizonmerpenthousealcossebre.com\/index.php?rest_route=\/wp\/v2\/users\/1"}],"replies":[{"embeddable":true,"href":"https:\/\/horizonmerpenthousealcossebre.com\/index.php?rest_route=%2Fwp%2Fv2%2Fcomments&post=145"}],"version-history":[{"count":109,"href":"https:\/\/horizonmerpenthousealcossebre.com\/index.php?rest_route=\/wp\/v2\/pages\/145\/revisions"}],"predecessor-version":[{"id":5369,"href":"https:\/\/horizonmerpenthousealcossebre.com\/index.php?rest_route=\/wp\/v2\/pages\/145\/revisions\/5369"}],"up":[{"embeddable":true,"href":"https:\/\/horizonmerpenthousealcossebre.com\/index.php?rest_route=\/wp\/v2\/pages\/116"}],"wp:attachment":[{"href":"https:\/\/horizonmerpenthousealcossebre.com\/index.php?rest_route=%2Fwp%2Fv2%2Fmedia&parent=145"}],"curies":[{"name":"wp","href":"https:\/\/api.w.org\/{rel}","templated":true}]}}